{"id":85097,"date":"2025-08-26T11:05:18","date_gmt":"2025-08-26T09:05:18","guid":{"rendered":"https:\/\/astermas.valordeley.es\/?page_id=85097"},"modified":"2025-08-26T11:06:28","modified_gmt":"2025-08-26T09:06:28","slug":"rgpd","status":"publish","type":"page","link":"https:\/\/www.ccastermas.com\/gl\/rgpd\/","title":{"rendered":"RGPD"},"content":{"rendered":"\t\t<div data-elementor-type=\"wp-page\" data-elementor-id=\"85097\" class=\"elementor elementor-85097 elementor-2877\">\n\t\t\t\t\t\t<section class=\"elementor-section elementor-top-section elementor-element elementor-element-4a98c7e elementor-section-height-min-height elementor-hidden-mobile elementor-hidden-tablet elementor-section-boxed elementor-section-height-default elementor-section-items-middle\" data-id=\"4a98c7e\" data-element_type=\"section\" data-settings=\"{&quot;background_background&quot;:&quot;classic&quot;}\">\n\t\t\t\t\t\t<div class=\"elementor-container elementor-column-gap-default\">\n\t\t\t\t\t<div class=\" elementor-column elementor-col-100 elementor-top-column elementor-element elementor-element-13e3901\" data-fullscreen-column-settings=\"{&quot;fullscreen&quot;:&quot;&quot;}\" data-id=\"13e3901\" data-element_type=\"column\">\n\t\t\t<div class=\"elementor-widget-wrap\">\n\t\t\t\t\t\t\t<\/div>\n\t\t<\/div>\n\t\t\t\t\t<\/div>\n\t\t<\/section>\n\t\t<div class=\"elementor-element elementor-element-7ee5103 e-flex e-con-boxed e-con e-parent\" data-id=\"7ee5103\" data-element_type=\"container\" data-settings=\"{&quot;background_background&quot;:&quot;classic&quot;}\">\n\t\t\t\t\t<div class=\"e-con-inner\">\n\t\t<div class=\"elementor-element elementor-element-2c16ba4 e-con-full e-flex e-con e-child\" data-id=\"2c16ba4\" data-element_type=\"container\">\n\t\t\t\t<div class=\"elementor-element elementor-element-bceb8bd elementor-widget elementor-widget-heading\" data-id=\"bceb8bd\" data-element_type=\"widget\" data-widget_type=\"heading.default\">\n\t\t\t\t<div class=\"elementor-widget-container\">\n\t\t\t\t\t<h1 class=\"elementor-heading-title elementor-size-default\">REGULAMENTO EUROPEO DE PROTECCI\u00d3N DE DATOS<\/h1>\t\t\t\t<\/div>\n\t\t\t\t<\/div>\n\t\t\t\t<\/div>\n\t\t\t\t\t<\/div>\n\t\t\t\t<\/div>\n\t\t<div class=\"elementor-element elementor-element-f58cd68 e-flex e-con-boxed e-con e-parent\" data-id=\"f58cd68\" data-element_type=\"container\" data-settings=\"{&quot;background_background&quot;:&quot;classic&quot;}\">\n\t\t\t\t\t<div class=\"e-con-inner\">\n\t\t<div class=\"elementor-element elementor-element-3097099 e-con-full e-flex e-con e-child\" data-id=\"3097099\" data-element_type=\"container\" data-settings=\"{&quot;background_background&quot;:&quot;classic&quot;}\">\n\t\t\t\t<div class=\"elementor-element elementor-element-d6badc2 elementor-widget elementor-widget-heading\" data-id=\"d6badc2\" data-element_type=\"widget\" data-widget_type=\"heading.default\">\n\t\t\t\t<div class=\"elementor-widget-container\">\n\t\t\t\t\t<h2 class=\"elementor-heading-title elementor-size-default\">Informaci\u00f3n sobre a protecci\u00f3n dos seus datos<\/h2>\t\t\t\t<\/div>\n\t\t\t\t<\/div>\n\t\t\t\t<\/div>\n\t\t\t\t\t<\/div>\n\t\t\t\t<\/div>\n\t\t<div class=\"elementor-element elementor-element-dce64e2 e-flex e-con-boxed e-con e-parent\" data-id=\"dce64e2\" data-element_type=\"container\">\n\t\t\t\t\t<div class=\"e-con-inner\">\n\t\t<div class=\"elementor-element elementor-element-1e27e5b e-con-full e-flex e-con e-child\" data-id=\"1e27e5b\" data-element_type=\"container\">\n\t\t\t\t<div class=\"elementor-element elementor-element-6adcb75 elementor-widget elementor-widget-text-editor\" data-id=\"6adcb75\" data-element_type=\"widget\" data-widget_type=\"text-editor.default\">\n\t\t\t\t<div class=\"elementor-widget-container\">\n\t\t\t\t\t\t\t\t\t<p class=\"vc_custom_heading\">En CENTRO COMERCIAL AS TERMAS COMUNIDADE DE PROPIETARIOS estamos actualizando as condici\u00f3ns do servizo ofertado e a pol\u00edtica de privacidade no que se refire ao tratamento de datos persoais, para que as novas funci\u00f3ns cumpran coa nova normativa de lexislaci\u00f3n de protecci\u00f3n de datos, Regulamento (UE) 2016\/679. do Parlamento Europeo e do Consello, do 27 de abril de 2016, relativo \u00e1 protecci\u00f3n das persoas f\u00edsicas no que respecta ao tratamento de datos persoais e \u00e1 libre circulaci\u00f3n destes datos e pola que se derroga a Directiva 95\/46\/CE (Regulamento Xeral de Protecci\u00f3n de Datos) , cuxa entrada en vigor \u00e9 o vindeiro 25 de maio de 2018<br \/>.<\/p><div class=\"wpb_text_column wpb_content_element \"><div id=\"ct_9hyr4z52qyj1w66jyva2\" class=\"wpb_wrapper\"><p>O tratamento que faremos dos seus datos persoais ser\u00e1 o que figura na seguinte t\u00e1boa informativa:<\/p><p>\u00a0<\/p><table><tbody><tr><td colspan=\"2\">INFORMACI\u00d3N B\u00c1SICA SOBRE A PROTECCI\u00d3N DOS SEUS DATOS<\/td><\/tr><tr><td>Responsable<\/td><td>COMUNIDADE DE PROPIETARIOS CENTRO COMERCIAL AS TERMAS<\/td><\/tr><tr><td>Prop\u00f3sito<\/td><td>Incorpora os teus datos persoais a unha base de datos de clientes para enviar publicidade\/ofertas por conta do Centro Comercial Anec Blau, utilizando como medio o correo electr\u00f3nico e\/ou SMS.<\/td><\/tr><tr><td>Lexitimaci\u00f3n<\/td><td>Interese lex\u00edtimo do Responsable<\/td><\/tr><tr><td width=\"79\">Destinatarios<\/td><td width=\"312\"><p>COMUNIDADe DE PROPIETARIOS CENTRO COMERCIAL AS TERMAS<\/p><p>Non se ceder\u00e1n datos a terceiros, salvo obriga legal<\/p><\/td><\/tr><tr><td width=\"79\">Dereitos<\/td><td width=\"312\">Acceso, rectificaci\u00f3n, supresi\u00f3n, oposici\u00f3n, limitaci\u00f3n do tratamento e, no seu caso, oposici\u00f3n \u00e1 portabilidade dos datos.<\/td><\/tr><tr><td width=\"79\">Exercicio dos dereitos<\/td><td width=\"312\">Avenida Infanta Elena, Duquesa de Lugo 213, 27003 Lugo.<\/td><\/tr><tr><td width=\"79\">Orixe<\/td><td width=\"312\">O interesado, o seu representante legal.<\/td><\/tr><\/tbody><\/table><p><strong>\u00a0<\/strong><\/p><h3>INFORMACI\u00d3N ADICIONAL SOBRE A PROTECCI\u00d3N DOS SEUS DATOS PERSOAIS<\/h3><p>Para os efectos previstos no Regulamento (UE) 2016\/679 do Parlamento Europeo e do Consello, do 27 de abril de 2016, relativo \u00e1 protecci\u00f3n das persoas f\u00edsicas no que respecta ao tratamento de datos persoais e \u00e1 libre circulaci\u00f3n destes datos e polo que se derroga a Directiva 95\/46\/CE (Regulamento Xeral de Protecci\u00f3n de Datos), inf\u00f3rmase de que os datos persoais facilitados ser\u00e1n incorporados (ou actualizados) aos ficheiros da COMUNIDADE DE PROPIETARIOS CENTRO COMERCIAL AS TERMAS, con enderezo na Avenida Infanta Elena, Duquesa de Lugo 213. , 27003 Lugo.<\/p><p>\u00a0<\/p><p><strong><u>RESPONSABLE DO FICHEIRO<\/u><\/strong><\/p><p>O ficheiro que conter\u00e1 os datos facilitados no formulario \u00e9 propiedade de COMUNIDADE DE PROPIETARIOS CENTRO COMERCIAL TERMAS, con enderezo na Avenida Infanta Elena, Duquesa de Lugo 213, 27003 Lugo.<\/p><p>Para calquera informaci\u00f3n adicional pode realizar calquera consulta a trav\u00e9s dos seguintes medios:<\/p><ul><li>Tel\u00e9fono: 982219752<\/li><li>Correo electr\u00f3nico:\u00a0<a href=\"mailto:ccastermas@ccastermas.com\">ccastermas@ccastermas.com<\/a><\/li><\/ul><p>\u00a0<\/p><p><strong><u>Prop\u00f3sito<\/u><\/strong><\/p><p>En COMUNIDADE DE PROPIETARIOS CENTRO COMERCIAL AS TERMAS tratamos a informaci\u00f3n facilitada polas persoas interesadas co fin de incorporar os seus datos persoais a unha base de datos de clientes para o env\u00edo de publicidade\/ofertas por conta de COMUNIDADE DE PROPIETARIOS CENTRO COMERCIAL AS TERMAS, mediante correo electr\u00f3nico e\/ou SMS. como medio. Non se tomar\u00e1n decisi\u00f3ns automatizadas en funci\u00f3n do devandito perfil. COMUNIDADE DE PROPIETARIOS COMO CENTRO COMERCIAL TERMAS, non prev\u00e9 a transferencia destes datos a terceiros pa\u00edses. Os datos persoais facilitados conservaranse mentres non se solicite a s\u00faa supresi\u00f3n polo interesado e, neste \u00faltimo caso, mentres non estea expresamente prohibido pola normativa vixente en materia de protecci\u00f3n de datos. COMUNIDADE DE PROPIETARIOS COMO CENTRO COMERCIAL TERMAS, non se fai responsable daqueles datos facilitados de xeito voluntario e adicional e que non sexan necesarios, non sendo tidos en conta para a finalidade descrita.<\/p><p><strong><u>\u00a0<\/u><\/strong><\/p><p><strong><u>LEXITIMACI\u00d3N<\/u><\/strong><\/p><p>A lexitimidade do tratamento dos seus datos persoais bas\u00e9ase no consentimento do interesado. Os datos persoais solicitados son obrigatorios, polo que a s\u00faa non cumprimentaci\u00f3n implica que non ser\u00e1n inclu\u00eddos nos ficheiros anteriormente descritos e no cumprimento das finalidades definidas no par\u00e1grafo anterior.<\/p><p>\u00a0<\/p><p><strong><u>DESTINATARIOS<\/u><\/strong><\/p><p>O destinatario dos seus datos persoais recollidos a trav\u00e9s do seguinte ficheiro ser\u00e1 COMUNIDADE DE PROPIETARIOS CENTRO COMERCIAL TERMAS.<\/p><p><strong><u>\u00a0<\/u><\/strong><\/p><p><strong><u>DEREITOS<\/u><\/strong><\/p><p>Calquera persoa ten dereito a obter confirmaci\u00f3n de se na COMUNIDADE DE CENTRO COMERCIAL PROPIEDADE AS TERMAS estamos tratando ou non datos persoais que lle incumban.<\/p><p>As persoas interesadas te\u00f1en dereito a acceder aos seus datos persoais, as\u00ed como a solicitar a rectificaci\u00f3n dos datos inexactos ou, no seu caso, solicitar a s\u00faa supresi\u00f3n cando, entre outros motivos, os datos xa non sexan necesarios para o cumprimento dos fins para aqueles foron recollidas e cumprindo coa lexislaci\u00f3n vixente.<\/p><p>En determinadas circunstancias, os interesados \u200b\u200bpoder\u00e1n solicitar a limitaci\u00f3n do tratamento dos seus datos, en cuxo caso, s\u00f3 se conservar\u00e1n para o exercicio ou a defensa de reclamaci\u00f3ns.<\/p><p>En determinadas circunstancias e por motivos relacionados coa s\u00faa situaci\u00f3n particular, os interesados \u200b\u200bpoder\u00e1n opo\u00f1erse ao tratamento dos seus datos COMUNIDADE DE PROPIETARIOS CENTRO COMERCIAL AS TERMAS, deixar\u00e1 de tratar os datos, salvo por motivos lex\u00edtimos imperiosos ou no exercicio ou defensa de posibles reivindicaci\u00f3ns.<\/p><p>As\u00ed mesmo, o interesado ten dereito a recibir os datos persoais que lle facilite a AS TERMAS CENTRO COMERCIAL COMUNIDADE DE PROPIETARIOS, nun formato estruturado, de uso com\u00fan e de lectura mec\u00e1nica. Este \u00faltimo dereito estar\u00e1 limitado polas seguintes condici\u00f3ns: que os datos sobre os que recaia este dereito, foran facilitados pola persoa interesada; que os seus datos sexan tratados por COMUNIDADE DE PROPIETARIOS CENTRO COMERCIAL AS TERMAS de forma automatizada (medios inform\u00e1ticos).<\/p><\/div><\/div>\t\t\t\t\t\t\t\t<\/div>\n\t\t\t\t<\/div>\n\t\t\t\t<\/div>\n\t\t\t\t\t<\/div>\n\t\t\t\t<\/div>\n\t\t\t\t<\/div>\n\t\t","protected":false},"excerpt":{"rendered":"<p>REGULAMENTO EUROPEO DE PROTECCI\u00d3N DE DATOS Informaci\u00f3n sobre a protecci\u00f3n dos seus datos En CENTRO COMERCIAL AS TERMAS COMUNIDADE DE PROPIETARIOS estamos actualizando as condici\u00f3ns do servizo ofertado e a pol\u00edtica de privacidade no que se refire ao tratamento de datos persoais, para que as novas funci\u00f3ns cumpran coa nova normativa de lexislaci\u00f3n de protecci\u00f3n [&hellip;]<\/p>\n","protected":false},"author":6,"featured_media":0,"parent":0,"menu_order":0,"comment_status":"closed","ping_status":"closed","template":"","meta":{"footnotes":""},"class_list":["post-85097","page","type-page","status-publish","hentry"],"yoast_head":"<!-- This site is optimized with the Yoast SEO plugin v25.4 - https:\/\/yoast.com\/wordpress\/plugins\/seo\/ -->\n<title>RGPD | Centro Comercial As Termas<\/title>\n<meta name=\"description\" content=\"REGULAMENTO EUROPEO DE PROTECCI\u00d3N DE DATOS Informaci\u00f3n sobre a protecci\u00f3n dos seus datos En CENTRO COMERCIAL AS TERMAS COMUNIDADE DE PROPIETARIOS estamos\" \/>\n<meta name=\"robots\" content=\"index, follow, max-snippet:-1, max-image-preview:large, max-video-preview:-1\" \/>\n<link rel=\"canonical\" href=\"https:\/\/www.ccastermas.com\/gl\/rgpd\/\" \/>\n<meta property=\"og:locale\" content=\"gl_ES\" \/>\n<meta property=\"og:type\" content=\"article\" \/>\n<meta property=\"og:title\" content=\"RGPD | Centro Comercial As Termas\" \/>\n<meta property=\"og:description\" content=\"REGULAMENTO EUROPEO DE PROTECCI\u00d3N DE DATOS Informaci\u00f3n sobre a protecci\u00f3n dos seus datos En CENTRO COMERCIAL AS TERMAS COMUNIDADE DE PROPIETARIOS estamos\" \/>\n<meta property=\"og:url\" content=\"https:\/\/www.ccastermas.com\/gl\/rgpd\/\" \/>\n<meta property=\"og:site_name\" content=\"Centro Comercial As Termas\" \/>\n<meta property=\"article:modified_time\" content=\"2025-08-26T09:06:28+00:00\" \/>\n<meta name=\"twitter:card\" content=\"summary_large_image\" \/>\n<meta name=\"twitter:label1\" content=\"Tempo de lectura\" \/>\n\t<meta name=\"twitter:data1\" content=\"5 minutos\" \/>\n<!-- \/ Yoast SEO plugin. -->","yoast_head_json":{"title":"RGPD | Centro Comercial As Termas","description":"REGULAMENTO EUROPEO DE PROTECCI\u00d3N DE DATOS Informaci\u00f3n sobre a protecci\u00f3n dos seus datos En CENTRO COMERCIAL AS TERMAS COMUNIDADE DE PROPIETARIOS estamos","robots":{"index":"index","follow":"follow","max-snippet":"max-snippet:-1","max-image-preview":"max-image-preview:large","max-video-preview":"max-video-preview:-1"},"canonical":"https:\/\/www.ccastermas.com\/gl\/rgpd\/","og_locale":"gl_ES","og_type":"article","og_title":"RGPD | Centro Comercial As Termas","og_description":"REGULAMENTO EUROPEO DE PROTECCI\u00d3N DE DATOS Informaci\u00f3n sobre a protecci\u00f3n dos seus datos En CENTRO COMERCIAL AS TERMAS COMUNIDADE DE PROPIETARIOS estamos","og_url":"https:\/\/www.ccastermas.com\/gl\/rgpd\/","og_site_name":"Centro Comercial As Termas","article_modified_time":"2025-08-26T09:06:28+00:00","twitter_card":"summary_large_image","twitter_misc":{"Tempo de lectura":"5 minutos"},"schema":{"@context":"https:\/\/schema.org","@graph":[{"@type":"WebPage","@id":"https:\/\/www.ccastermas.com\/gl\/rgpd\/","url":"https:\/\/www.ccastermas.com\/gl\/rgpd\/","name":"RGPD | Centro Comercial As Termas","isPartOf":{"@id":"https:\/\/www.ccastermas.com\/gl\/#website"},"datePublished":"2025-08-26T09:05:18+00:00","dateModified":"2025-08-26T09:06:28+00:00","description":"REGULAMENTO EUROPEO DE PROTECCI\u00d3N DE DATOS Informaci\u00f3n sobre a protecci\u00f3n dos seus datos En CENTRO COMERCIAL AS TERMAS COMUNIDADE DE PROPIETARIOS estamos","breadcrumb":{"@id":"https:\/\/www.ccastermas.com\/gl\/rgpd\/#breadcrumb"},"inLanguage":"gl-ES","potentialAction":[{"@type":"ReadAction","target":["https:\/\/www.ccastermas.com\/gl\/rgpd\/"]}]},{"@type":"BreadcrumbList","@id":"https:\/\/www.ccastermas.com\/gl\/rgpd\/#breadcrumb","itemListElement":[{"@type":"ListItem","position":1,"name":"Portada","item":"https:\/\/www.ccastermas.com\/gl\/"},{"@type":"ListItem","position":2,"name":"RGPD"}]},{"@type":"WebSite","@id":"https:\/\/www.ccastermas.com\/gl\/#website","url":"https:\/\/www.ccastermas.com\/gl\/","name":"Centro Comercial As Termas","description":"Centro Comercial As Termas: Tu Centro Comercial en Lugo","publisher":{"@id":"https:\/\/www.ccastermas.com\/gl\/#organization"},"potentialAction":[{"@type":"SearchAction","target":{"@type":"EntryPoint","urlTemplate":"https:\/\/www.ccastermas.com\/gl\/?s={search_term_string}"},"query-input":{"@type":"PropertyValueSpecification","valueRequired":true,"valueName":"search_term_string"}}],"inLanguage":"gl-ES"},{"@type":"Organization","@id":"https:\/\/www.ccastermas.com\/gl\/#organization","name":"As Termas","alternateName":"Centro Comercial As Termas","url":"https:\/\/www.ccastermas.com\/gl\/","logo":{"@type":"ImageObject","inLanguage":"gl-ES","@id":"https:\/\/www.ccastermas.com\/gl\/#\/schema\/logo\/image\/","url":"https:\/\/www.ccastermas.com\/wp-content\/uploads\/2026\/01\/astermas-logo.jpg","contentUrl":"https:\/\/www.ccastermas.com\/wp-content\/uploads\/2026\/01\/astermas-logo.jpg","width":200,"height":140,"caption":"As Termas"},"image":{"@id":"https:\/\/www.ccastermas.com\/gl\/#\/schema\/logo\/image\/"}}]}},"publishpress_future_action":{"enabled":false,"date":"2026-05-09 17:52:43","action":"change-status","newStatus":"draft","terms":[],"taxonomy":"translation_priority"},"publishpress_future_workflow_manual_trigger":{"enabledWorkflows":[]},"_links":{"self":[{"href":"https:\/\/www.ccastermas.com\/gl\/wp-json\/wp\/v2\/pages\/85097","targetHints":{"allow":["GET"]}}],"collection":[{"href":"https:\/\/www.ccastermas.com\/gl\/wp-json\/wp\/v2\/pages"}],"about":[{"href":"https:\/\/www.ccastermas.com\/gl\/wp-json\/wp\/v2\/types\/page"}],"author":[{"embeddable":true,"href":"https:\/\/www.ccastermas.com\/gl\/wp-json\/wp\/v2\/users\/6"}],"replies":[{"embeddable":true,"href":"https:\/\/www.ccastermas.com\/gl\/wp-json\/wp\/v2\/comments?post=85097"}],"version-history":[{"count":4,"href":"https:\/\/www.ccastermas.com\/gl\/wp-json\/wp\/v2\/pages\/85097\/revisions"}],"predecessor-version":[{"id":85101,"href":"https:\/\/www.ccastermas.com\/gl\/wp-json\/wp\/v2\/pages\/85097\/revisions\/85101"}],"wp:attachment":[{"href":"https:\/\/www.ccastermas.com\/gl\/wp-json\/wp\/v2\/media?parent=85097"}],"curies":[{"name":"wp","href":"https:\/\/api.w.org\/{rel}","templated":true}]}}