{"id":85042,"date":"2025-08-26T10:34:13","date_gmt":"2025-08-26T08:34:13","guid":{"rendered":"https:\/\/astermas.valordeley.es\/?page_id=85042"},"modified":"2025-08-26T10:37:33","modified_gmt":"2025-08-26T08:37:33","slug":"ejercer-derechos-rgpd","status":"publish","type":"page","link":"https:\/\/www.ccastermas.com\/gl\/ejercer-derechos-rgpd\/","title":{"rendered":"Ejercer derechos rgpd"},"content":{"rendered":"\t\t<div data-elementor-type=\"wp-page\" data-elementor-id=\"85042\" class=\"elementor elementor-85042 elementor-80212\">\n\t\t\t\t<div class=\"elementor-element elementor-element-c4e485e elementor-hidden-tablet elementor-hidden-mobile e-flex e-con-boxed e-con e-parent\" data-id=\"c4e485e\" data-element_type=\"container\">\n\t\t\t\t\t<div class=\"e-con-inner\">\n\t\t\t\t\t<\/div>\n\t\t\t\t<\/div>\n\t\t<div class=\"elementor-element elementor-element-806b1ea e-flex e-con-boxed e-con e-parent\" data-id=\"806b1ea\" data-element_type=\"container\" data-settings=\"{&quot;background_background&quot;:&quot;classic&quot;}\">\n\t\t\t\t\t<div class=\"e-con-inner\">\n\t\t<div class=\"elementor-element elementor-element-0bf4b93 e-con-full e-flex e-con e-child\" data-id=\"0bf4b93\" data-element_type=\"container\">\n\t\t\t\t<div class=\"elementor-element elementor-element-0c603f0 elementor-widget elementor-widget-text-editor\" data-id=\"0c603f0\" data-element_type=\"widget\" data-widget_type=\"text-editor.default\">\n\t\t\t\t<div class=\"elementor-widget-container\">\n\t\t\t\t\t\t\t\t\tREGULAMENTO EUROPEO DE PROTECCI\u00d3N DE DATOS:\t\t\t\t\t\t\t\t<\/div>\n\t\t\t\t<\/div>\n\t\t\t\t<div class=\"elementor-element elementor-element-57adcca elementor-widget elementor-widget-text-editor\" data-id=\"57adcca\" data-element_type=\"widget\" data-widget_type=\"text-editor.default\">\n\t\t\t\t<div class=\"elementor-widget-container\">\n\t\t\t\t\t\t\t\t\tExercicio dos dereitos\t\t\t\t\t\t\t\t<\/div>\n\t\t\t\t<\/div>\n\t\t\t\t<\/div>\n\t\t\t\t\t<\/div>\n\t\t\t\t<\/div>\n\t\t<div class=\"elementor-element elementor-element-ca224b6 e-flex e-con-boxed e-con e-parent\" data-id=\"ca224b6\" data-element_type=\"container\">\n\t\t\t\t\t<div class=\"e-con-inner\">\n\t\t<div class=\"elementor-element elementor-element-46d7174 e-con-full e-flex e-con e-child\" data-id=\"46d7174\" data-element_type=\"container\">\n\t\t\t\t<div class=\"elementor-element elementor-element-6a267fc elementor-widget elementor-widget-text-editor\" data-id=\"6a267fc\" data-element_type=\"widget\" data-widget_type=\"text-editor.default\">\n\t\t\t\t<div class=\"elementor-widget-container\">\n\t\t\t\t\t\t\t\t\t<p><a href=\"https:\/\/www.ccastermas.com\/wp-content\/uploads\/formularios\/formulario-ejercicio-de-derecho-acceso.pdf\" target=\"_blank\" rel=\"noopener\">Formulario para exercer dereitos de acceso\u00a0<\/a><\/p><p><a href=\"https:\/\/www.ccastermas.com\/wp-content\/uploads\/formularios\/formulario-ejercicio-de-derecho-limitacion.pdf\" target=\"_blank\" rel=\"noopener\">Formulario para exercer dereitos de limitaci\u00f3n<\/a><\/p><p><a href=\"https:\/\/www.ccastermas.com\/wp-content\/uploads\/formularios\/formulario-ejercicio-de-derecho-oposicion.pdf\" target=\"_blank\" rel=\"noopener\">Formulario para exercer os dereitos de oposici\u00f3n<\/a><\/p><p><a href=\"https:\/\/www.ccastermas.com\/wp-content\/uploads\/formularios\/formulario-ejercicio-de-derecho-portabilidad.pdf\" target=\"_blank\" rel=\"noopener\">Formulario para exercer os dereitos de portabilidade<\/a><\/p><p><a href=\"https:\/\/www.ccastermas.com\/wp-content\/uploads\/formularios\/formulario-ejercicio-de-derecho-rectificacion.pdf\" target=\"_blank\" rel=\"noopener\">Formulario para exercer os dereitos de rectificaci\u00f3n<\/a><\/p><p><a href=\"https:\/\/www.ccastermas.com\/wp-content\/uploads\/formularios\/formulario-ejercicio-de-derecho-supresion.pdf\" target=\"_blank\" rel=\"noopener\">Formulario para exercer o dereito de supresi\u00f3n<\/a><\/p>\t\t\t\t\t\t\t\t<\/div>\n\t\t\t\t<\/div>\n\t\t\t\t<\/div>\n\t\t\t\t\t<\/div>\n\t\t\t\t<\/div>\n\t\t\t\t<\/div>\n\t\t","protected":false},"excerpt":{"rendered":"<p>REGULAMENTO EUROPEO DE PROTECCI\u00d3N DE DATOS:Exercicio dos dereitos Formulario para exercer dereitos de acceso\u00a0 Formulario para exercer dereitos de limitaci\u00f3n Formulario para exercer os dereitos de oposici\u00f3n Formulario para exercer os dereitos de portabilidade Formulario para exercer os dereitos de rectificaci\u00f3n Formulario para exercer o dereito de supresi\u00f3n<\/p>\n","protected":false},"author":6,"featured_media":0,"parent":0,"menu_order":0,"comment_status":"closed","ping_status":"closed","template":"","meta":{"footnotes":""},"class_list":["post-85042","page","type-page","status-publish","hentry"],"yoast_head":"<!-- This site is optimized with the Yoast SEO plugin v25.4 - https:\/\/yoast.com\/wordpress\/plugins\/seo\/ -->\n<title>Ejercer derechos rgpd | Centro Comercial As Termas<\/title>\n<meta name=\"description\" content=\"REGULAMENTO EUROPEO DE PROTECCI\u00d3N DE DATOS:Exercicio dos dereitosFormulario para exercer dereitos de acceso\u00a0Formulario para exercer dereitos de\" \/>\n<meta name=\"robots\" content=\"index, follow, max-snippet:-1, max-image-preview:large, max-video-preview:-1\" \/>\n<link rel=\"canonical\" href=\"https:\/\/www.ccastermas.com\/gl\/ejercer-derechos-rgpd\/\" \/>\n<meta property=\"og:locale\" content=\"gl_ES\" \/>\n<meta property=\"og:type\" content=\"article\" \/>\n<meta property=\"og:title\" content=\"Ejercer derechos rgpd | Centro Comercial As Termas\" \/>\n<meta property=\"og:description\" content=\"REGULAMENTO EUROPEO DE PROTECCI\u00d3N DE DATOS:Exercicio dos dereitosFormulario para exercer dereitos de acceso\u00a0Formulario para exercer dereitos de\" \/>\n<meta property=\"og:url\" content=\"https:\/\/www.ccastermas.com\/gl\/ejercer-derechos-rgpd\/\" \/>\n<meta property=\"og:site_name\" content=\"Centro Comercial As Termas\" \/>\n<meta property=\"article:modified_time\" content=\"2025-08-26T08:37:33+00:00\" \/>\n<meta name=\"twitter:card\" content=\"summary_large_image\" \/>\n<meta name=\"twitter:label1\" content=\"Tempo de lectura\" \/>\n\t<meta name=\"twitter:data1\" content=\"1 minuto\" \/>\n<!-- \/ Yoast SEO plugin. -->","yoast_head_json":{"title":"Ejercer derechos rgpd | Centro Comercial As Termas","description":"REGULAMENTO EUROPEO DE PROTECCI\u00d3N DE DATOS:Exercicio dos dereitosFormulario para exercer dereitos de acceso\u00a0Formulario para exercer dereitos de","robots":{"index":"index","follow":"follow","max-snippet":"max-snippet:-1","max-image-preview":"max-image-preview:large","max-video-preview":"max-video-preview:-1"},"canonical":"https:\/\/www.ccastermas.com\/gl\/ejercer-derechos-rgpd\/","og_locale":"gl_ES","og_type":"article","og_title":"Ejercer derechos rgpd | Centro Comercial As Termas","og_description":"REGULAMENTO EUROPEO DE PROTECCI\u00d3N DE DATOS:Exercicio dos dereitosFormulario para exercer dereitos de acceso\u00a0Formulario para exercer dereitos de","og_url":"https:\/\/www.ccastermas.com\/gl\/ejercer-derechos-rgpd\/","og_site_name":"Centro Comercial As Termas","article_modified_time":"2025-08-26T08:37:33+00:00","twitter_card":"summary_large_image","twitter_misc":{"Tempo de lectura":"1 minuto"},"schema":{"@context":"https:\/\/schema.org","@graph":[{"@type":"WebPage","@id":"https:\/\/www.ccastermas.com\/gl\/ejercer-derechos-rgpd\/","url":"https:\/\/www.ccastermas.com\/gl\/ejercer-derechos-rgpd\/","name":"Ejercer derechos rgpd | Centro Comercial As Termas","isPartOf":{"@id":"https:\/\/www.ccastermas.com\/gl\/#website"},"datePublished":"2025-08-26T08:34:13+00:00","dateModified":"2025-08-26T08:37:33+00:00","description":"REGULAMENTO EUROPEO DE PROTECCI\u00d3N DE DATOS:Exercicio dos dereitosFormulario para exercer dereitos de acceso\u00a0Formulario para exercer dereitos de","breadcrumb":{"@id":"https:\/\/www.ccastermas.com\/gl\/ejercer-derechos-rgpd\/#breadcrumb"},"inLanguage":"gl-ES","potentialAction":[{"@type":"ReadAction","target":["https:\/\/www.ccastermas.com\/gl\/ejercer-derechos-rgpd\/"]}]},{"@type":"BreadcrumbList","@id":"https:\/\/www.ccastermas.com\/gl\/ejercer-derechos-rgpd\/#breadcrumb","itemListElement":[{"@type":"ListItem","position":1,"name":"Portada","item":"https:\/\/www.ccastermas.com\/gl\/"},{"@type":"ListItem","position":2,"name":"Ejercer derechos rgpd"}]},{"@type":"WebSite","@id":"https:\/\/www.ccastermas.com\/gl\/#website","url":"https:\/\/www.ccastermas.com\/gl\/","name":"Centro Comercial As Termas","description":"Centro Comercial As Termas: Tu Centro Comercial en Lugo","publisher":{"@id":"https:\/\/www.ccastermas.com\/gl\/#organization"},"potentialAction":[{"@type":"SearchAction","target":{"@type":"EntryPoint","urlTemplate":"https:\/\/www.ccastermas.com\/gl\/?s={search_term_string}"},"query-input":{"@type":"PropertyValueSpecification","valueRequired":true,"valueName":"search_term_string"}}],"inLanguage":"gl-ES"},{"@type":"Organization","@id":"https:\/\/www.ccastermas.com\/gl\/#organization","name":"As Termas","alternateName":"Centro Comercial As Termas","url":"https:\/\/www.ccastermas.com\/gl\/","logo":{"@type":"ImageObject","inLanguage":"gl-ES","@id":"https:\/\/www.ccastermas.com\/gl\/#\/schema\/logo\/image\/","url":"https:\/\/www.ccastermas.com\/wp-content\/uploads\/2026\/01\/astermas-logo.jpg","contentUrl":"https:\/\/www.ccastermas.com\/wp-content\/uploads\/2026\/01\/astermas-logo.jpg","width":200,"height":140,"caption":"As Termas"},"image":{"@id":"https:\/\/www.ccastermas.com\/gl\/#\/schema\/logo\/image\/"}}]}},"publishpress_future_action":{"enabled":false,"date":"2026-05-07 01:56:49","action":"change-status","newStatus":"draft","terms":[],"taxonomy":"translation_priority"},"publishpress_future_workflow_manual_trigger":{"enabledWorkflows":[]},"_links":{"self":[{"href":"https:\/\/www.ccastermas.com\/gl\/wp-json\/wp\/v2\/pages\/85042","targetHints":{"allow":["GET"]}}],"collection":[{"href":"https:\/\/www.ccastermas.com\/gl\/wp-json\/wp\/v2\/pages"}],"about":[{"href":"https:\/\/www.ccastermas.com\/gl\/wp-json\/wp\/v2\/types\/page"}],"author":[{"embeddable":true,"href":"https:\/\/www.ccastermas.com\/gl\/wp-json\/wp\/v2\/users\/6"}],"replies":[{"embeddable":true,"href":"https:\/\/www.ccastermas.com\/gl\/wp-json\/wp\/v2\/comments?post=85042"}],"version-history":[{"count":5,"href":"https:\/\/www.ccastermas.com\/gl\/wp-json\/wp\/v2\/pages\/85042\/revisions"}],"predecessor-version":[{"id":85055,"href":"https:\/\/www.ccastermas.com\/gl\/wp-json\/wp\/v2\/pages\/85042\/revisions\/85055"}],"wp:attachment":[{"href":"https:\/\/www.ccastermas.com\/gl\/wp-json\/wp\/v2\/media?parent=85042"}],"curies":[{"name":"wp","href":"https:\/\/api.w.org\/{rel}","templated":true}]}}