{"id":84084,"date":"2025-08-22T10:16:45","date_gmt":"2025-08-22T08:16:45","guid":{"rendered":"https:\/\/astermas.valordeley.es\/?page_id=84084"},"modified":"2025-08-26T10:56:24","modified_gmt":"2025-08-26T08:56:24","slug":"politica-de-privacidade","status":"publish","type":"page","link":"https:\/\/www.ccastermas.com\/gl\/politica-de-privacidade\/","title":{"rendered":"Pol\u00edtica de privacidade"},"content":{"rendered":"\t\t<div data-elementor-type=\"wp-page\" data-elementor-id=\"84084\" class=\"elementor elementor-84084 elementor-80098\">\n\t\t\t\t\t\t<section class=\"elementor-section elementor-top-section elementor-element elementor-element-a421a90 elementor-section-height-min-height elementor-hidden-mobile elementor-hidden-tablet elementor-section-boxed elementor-section-height-default elementor-section-items-middle\" data-id=\"a421a90\" data-element_type=\"section\" data-settings=\"{&quot;background_background&quot;:&quot;classic&quot;}\">\n\t\t\t\t\t\t<div class=\"elementor-container elementor-column-gap-default\">\n\t\t\t\t\t<div class=\" elementor-column elementor-col-100 elementor-top-column elementor-element elementor-element-e006119\" data-fullscreen-column-settings=\"{&quot;fullscreen&quot;:&quot;&quot;}\" data-id=\"e006119\" data-element_type=\"column\">\n\t\t\t<div class=\"elementor-widget-wrap\">\n\t\t\t\t\t\t\t<\/div>\n\t\t<\/div>\n\t\t\t\t\t<\/div>\n\t\t<\/section>\n\t\t<div class=\"elementor-element elementor-element-8fcee05 e-flex e-con-boxed e-con e-parent\" data-id=\"8fcee05\" data-element_type=\"container\" data-settings=\"{&quot;background_background&quot;:&quot;classic&quot;}\">\n\t\t\t\t\t<div class=\"e-con-inner\">\n\t\t<div class=\"elementor-element elementor-element-00dcaed e-con-full e-flex e-con e-child\" data-id=\"00dcaed\" data-element_type=\"container\">\n\t\t\t\t<div class=\"elementor-element elementor-element-e59f60d elementor-widget elementor-widget-heading\" data-id=\"e59f60d\" data-element_type=\"widget\" data-widget_type=\"heading.default\">\n\t\t\t\t<div class=\"elementor-widget-container\">\n\t\t\t\t\t<h1 class=\"elementor-heading-title elementor-size-default\">POL\u00cdTICA DE PRIVACIDADE<\/h1>\t\t\t\t<\/div>\n\t\t\t\t<\/div>\n\t\t\t\t<\/div>\n\t\t\t\t\t<\/div>\n\t\t\t\t<\/div>\n\t\t<div class=\"elementor-element elementor-element-7c5721a e-flex e-con-boxed e-con e-parent\" data-id=\"7c5721a\" data-element_type=\"container\" data-settings=\"{&quot;background_background&quot;:&quot;classic&quot;}\">\n\t\t\t\t\t<div class=\"e-con-inner\">\n\t\t<div class=\"elementor-element elementor-element-b58e610 e-con-full e-flex e-con e-child\" data-id=\"b58e610\" data-element_type=\"container\">\n\t\t\t\t<div class=\"elementor-element elementor-element-cd30175 elementor-widget elementor-widget-text-editor\" data-id=\"cd30175\" data-element_type=\"widget\" data-widget_type=\"text-editor.default\">\n\t\t\t\t<div class=\"elementor-widget-container\">\n\t\t\t\t\t\t\t\t\t<p>Os datos persoais vinculados a este sitio web cumpren os requisitos do Regulamento (UE) 2016\/679 do Parlamento Europeo e do Consello, do 27 de abril de 2016, relativo \u00e1 protecci\u00f3n das persoas f\u00edsicas no que respecta ao tratamento de datos persoais e \u00e1 libre circulaci\u00f3n. destes datos, a Lei org\u00e1nica 3\/2018, do 5 de decembro, de protecci\u00f3n de datos de car\u00e1cter persoal e garant\u00eda dos dereitos dixitais e demais lexislaci\u00f3n vixente en materia de protecci\u00f3n de datos.<\/p><h2>Quen \u00e9 o responsable do tratamento dos teus datos?<\/h2><p>O responsable do tratamento dos seus datos \u00e9 COMUNIDADE DE PROPIETARIOS CENTRO COMERCIAL ASTERMAS, con NIF H27337112, enderezo en Av. Infanta Elena, 213, 27003 Lugo (Espa\u00f1a), tel\u00e9fono 982 219 752 e correo electr\u00f3nico de contacto ccastermas@ccastermas.com.<\/p><h2>Cal \u00e9 a finalidade e a lexitimidade coa que tratamos os seus datos e durante canto tempo os conservamos?<\/h2><p>Tratamos os teus datos para responder \u00e1s solicitudes de informaci\u00f3n, preguntas, consultas, suxesti\u00f3ns ou queixas que nos formules a trav\u00e9s do formulario e doutros medios de contacto. Podemos tratar os seus datos para esta finalidade porque temos un interese lex\u00edtimo en atender as comunicaci\u00f3ns necesarias para o desenvolvemento da nosa actividade e conservar\u00e9molos mentres exista.<\/p><h2>A quen se lle comunicar\u00e1n os seus datos?<\/h2><p>Os teus datos non ser\u00e1n cedidos a terceiros. Ser\u00e1n comunicados aos nosos responsables de tratamento cando sexa necesario para a correcta prestaci\u00f3n dos servizos que se lles contraten.<\/p><h2>Os teus datos ser\u00e1n transferidos a terceiros pa\u00edses?<\/h2><p>Non se realizar\u00e1n transferencias internacionais dos teus datos.<\/p><h2>Cales son os teus dereitos cando nos facilitas os teus datos?<\/h2><p>&#8211; Acceso: dereito a obter confirmaci\u00f3n sobre se estamos tratando ou non os seus datos persoais, a saber, cales son, para que se utilizan, durante canto tempo se conservar\u00e1n, a s\u00faa orixe e se foron comunicados ou ser\u00e1n comunicados. a un terceiro.<\/p><p>&#8211; Rectificaci\u00f3n: dereito a solicitar a rectificaci\u00f3n dos datos inexactos e a completar os datos persoais incompletos.<\/p><p>&#8211; Supresi\u00f3n: dereito a solicitar a supresi\u00f3n dos datos persoais cando sexan inadecuados, excesivos ou xa non sexan necesarios para os fins para os que foron recollidos, inclu\u00eddo o dereito ao esquecemento.<\/p><p>&#8211; Oposici\u00f3n: dereito a opo\u00f1erse, en determinadas circunstancias, ao tratamento dos seus datos persoais ou a solicitar o cesamento do tratamento.<\/p><p>&#8211; Limitaci\u00f3n do tratamento: dereito a solicitar, nas circunstancias legalmente establecidas, que os seus datos non sexan tratados m\u00e1is al\u00f3 da mera conservaci\u00f3n dos mesmos.<\/p><p>&#8211; Portabilidade: dereito a recibir os datos persoais nun formato estruturado, de uso com\u00fan e lectura mec\u00e1nica, e a poder transmitilos a outro responsable, sempre que tecnicamente sexa posible.<\/p><p>&#8211; Dereito a retirar o seu consentimento: no caso de que a base de lexitimidade para o tratamento dos seus datos sexa o seu consentimento, ten dereito a retiralo en calquera momento. De facelo, non se ver\u00e1 afectado o tratamento de datos que puidese realizarse con anterioridade.<\/p><h2>Onde podes exercer os teus dereitos?<\/h2><p>O exercicio dos dereitos deber\u00e1 realizarse por escrito dirixido a Av. Infanta Elena, 213, 27003 Lugo (Espa\u00f1a) ou ao correo electr\u00f3nico <a href=\"mailto:ccastermas@ccastermas.com\">ccastermas@ccastermas.com<\/a>. COMUNIDADE DE PROPIETARIOS CENTRO COMERCIAL ASTERMAS pon \u00e1 s\u00faa disposici\u00f3n modelos para o exercicio de dereitos que se poden obter no enderezo ou a trav\u00e9s do correo electr\u00f3nico indicado anteriormente. Para m\u00e1is informaci\u00f3n: <a href=\"http:\/\/www.agpd.es\">www.agpd.es<\/a>.<\/p><h2>Ten dereito a presentar unha reclamaci\u00f3n ante a Autoridade de Control?<\/h2><p>No caso de que os seus dereitos non fosen respectados, pode presentar unha reclamaci\u00f3n dirix\u00edndose por escrito \u00e1 Axencia Espa\u00f1ola de Protecci\u00f3n de Datos situada na r\u00faa Jorge Juan, 6-28001-Madrid ou a trav\u00e9s da sede electr\u00f3nica: <a href=\"https:\/\/sedeagpd.govt\">https:\/\/sedeagpd.govt<\/a>. En ambos os casos, deber\u00e1 acompa\u00f1ar a documentaci\u00f3n pertinente.<\/p>\t\t\t\t\t\t\t\t<\/div>\n\t\t\t\t<\/div>\n\t\t\t\t<div class=\"elementor-element elementor-element-12d744c elementor-widget elementor-widget-html\" data-id=\"12d744c\" data-element_type=\"widget\" data-widget_type=\"html.default\">\n\t\t\t\t<div class=\"elementor-widget-container\">\n\t\t\t\t\t<style>\nh2 {\n    font-size:28px!important;\n    font-weight:500;\n    margin-top:20px;\n    line-height:1.4;\n}\n<\/style>\t\t\t\t<\/div>\n\t\t\t\t<\/div>\n\t\t\t\t<\/div>\n\t\t\t\t\t<\/div>\n\t\t\t\t<\/div>\n\t\t\t\t<\/div>\n\t\t","protected":false},"excerpt":{"rendered":"<p>POL\u00cdTICA DE PRIVACIDADE Os datos persoais vinculados a este sitio web cumpren os requisitos do Regulamento (UE) 2016\/679 do Parlamento Europeo e do Consello, do 27 de abril de 2016, relativo \u00e1 protecci\u00f3n das persoas f\u00edsicas no que respecta ao tratamento de datos persoais e \u00e1 libre circulaci\u00f3n. destes datos, a Lei org\u00e1nica 3\/2018, do [&hellip;]<\/p>\n","protected":false},"author":6,"featured_media":0,"parent":0,"menu_order":0,"comment_status":"closed","ping_status":"closed","template":"","meta":{"footnotes":""},"class_list":["post-84084","page","type-page","status-publish","hentry"],"yoast_head":"<!-- This site is optimized with the Yoast SEO plugin v25.4 - https:\/\/yoast.com\/wordpress\/plugins\/seo\/ -->\n<title>Pol\u00edtica de privacidade | Centro Comercial As Termas<\/title>\n<meta name=\"description\" content=\"POL\u00cdTICA DE PRIVACIDADE Os datos persoais vinculados a este sitio web cumpren os requisitos do Regulamento (UE) 2016\/679 do Parlamento Europeo e do\" \/>\n<meta name=\"robots\" content=\"noindex, follow\" \/>\n<meta property=\"og:locale\" content=\"gl_ES\" \/>\n<meta property=\"og:type\" content=\"article\" \/>\n<meta property=\"og:title\" content=\"Pol\u00edtica de privacidade | Centro Comercial As Termas\" \/>\n<meta property=\"og:description\" content=\"POL\u00cdTICA DE PRIVACIDADE Os datos persoais vinculados a este sitio web cumpren os requisitos do Regulamento (UE) 2016\/679 do Parlamento Europeo e do\" \/>\n<meta property=\"og:url\" content=\"https:\/\/www.ccastermas.com\/gl\/politica-de-privacidade\/\" \/>\n<meta property=\"og:site_name\" content=\"Centro Comercial As Termas\" \/>\n<meta property=\"article:modified_time\" content=\"2025-08-26T08:56:24+00:00\" \/>\n<meta name=\"twitter:card\" content=\"summary_large_image\" \/>\n<meta name=\"twitter:label1\" content=\"Tempo de lectura\" \/>\n\t<meta name=\"twitter:data1\" content=\"4 minutos\" \/>\n<!-- \/ Yoast SEO plugin. -->","yoast_head_json":{"title":"Pol\u00edtica de privacidade | Centro Comercial As Termas","description":"POL\u00cdTICA DE PRIVACIDADE Os datos persoais vinculados a este sitio web cumpren os requisitos do Regulamento (UE) 2016\/679 do Parlamento Europeo e do","robots":{"index":"noindex","follow":"follow"},"og_locale":"gl_ES","og_type":"article","og_title":"Pol\u00edtica de privacidade | Centro Comercial As Termas","og_description":"POL\u00cdTICA DE PRIVACIDADE Os datos persoais vinculados a este sitio web cumpren os requisitos do Regulamento (UE) 2016\/679 do Parlamento Europeo e do","og_url":"https:\/\/www.ccastermas.com\/gl\/politica-de-privacidade\/","og_site_name":"Centro Comercial As Termas","article_modified_time":"2025-08-26T08:56:24+00:00","twitter_card":"summary_large_image","twitter_misc":{"Tempo de lectura":"4 minutos"},"schema":{"@context":"https:\/\/schema.org","@graph":[{"@type":"WebPage","@id":"https:\/\/www.ccastermas.com\/gl\/politica-de-privacidade\/","url":"https:\/\/www.ccastermas.com\/gl\/politica-de-privacidade\/","name":"Pol\u00edtica de privacidade | Centro Comercial As Termas","isPartOf":{"@id":"https:\/\/www.ccastermas.com\/gl\/#website"},"datePublished":"2025-08-22T08:16:45+00:00","dateModified":"2025-08-26T08:56:24+00:00","description":"POL\u00cdTICA DE PRIVACIDADE Os datos persoais vinculados a este sitio web cumpren os requisitos do Regulamento (UE) 2016\/679 do Parlamento Europeo e do","breadcrumb":{"@id":"https:\/\/www.ccastermas.com\/gl\/politica-de-privacidade\/#breadcrumb"},"inLanguage":"gl-ES","potentialAction":[{"@type":"ReadAction","target":["https:\/\/www.ccastermas.com\/gl\/politica-de-privacidade\/"]}]},{"@type":"BreadcrumbList","@id":"https:\/\/www.ccastermas.com\/gl\/politica-de-privacidade\/#breadcrumb","itemListElement":[{"@type":"ListItem","position":1,"name":"Portada","item":"https:\/\/www.ccastermas.com\/gl\/"},{"@type":"ListItem","position":2,"name":"Pol\u00edtica de privacidade"}]},{"@type":"WebSite","@id":"https:\/\/www.ccastermas.com\/gl\/#website","url":"https:\/\/www.ccastermas.com\/gl\/","name":"Centro Comercial As Termas","description":"Centro Comercial As Termas: Tu Centro Comercial en Lugo","publisher":{"@id":"https:\/\/www.ccastermas.com\/gl\/#organization"},"potentialAction":[{"@type":"SearchAction","target":{"@type":"EntryPoint","urlTemplate":"https:\/\/www.ccastermas.com\/gl\/?s={search_term_string}"},"query-input":{"@type":"PropertyValueSpecification","valueRequired":true,"valueName":"search_term_string"}}],"inLanguage":"gl-ES"},{"@type":"Organization","@id":"https:\/\/www.ccastermas.com\/gl\/#organization","name":"As Termas","alternateName":"Centro Comercial As Termas","url":"https:\/\/www.ccastermas.com\/gl\/","logo":{"@type":"ImageObject","inLanguage":"gl-ES","@id":"https:\/\/www.ccastermas.com\/gl\/#\/schema\/logo\/image\/","url":"https:\/\/www.ccastermas.com\/wp-content\/uploads\/2026\/01\/astermas-logo.jpg","contentUrl":"https:\/\/www.ccastermas.com\/wp-content\/uploads\/2026\/01\/astermas-logo.jpg","width":200,"height":140,"caption":"As Termas"},"image":{"@id":"https:\/\/www.ccastermas.com\/gl\/#\/schema\/logo\/image\/"}}]}},"publishpress_future_action":{"enabled":false,"date":"2026-04-19 14:38:17","action":"change-status","newStatus":"draft","terms":[],"taxonomy":"translation_priority"},"publishpress_future_workflow_manual_trigger":{"enabledWorkflows":[]},"_links":{"self":[{"href":"https:\/\/www.ccastermas.com\/gl\/wp-json\/wp\/v2\/pages\/84084","targetHints":{"allow":["GET"]}}],"collection":[{"href":"https:\/\/www.ccastermas.com\/gl\/wp-json\/wp\/v2\/pages"}],"about":[{"href":"https:\/\/www.ccastermas.com\/gl\/wp-json\/wp\/v2\/types\/page"}],"author":[{"embeddable":true,"href":"https:\/\/www.ccastermas.com\/gl\/wp-json\/wp\/v2\/users\/6"}],"replies":[{"embeddable":true,"href":"https:\/\/www.ccastermas.com\/gl\/wp-json\/wp\/v2\/comments?post=84084"}],"version-history":[{"count":4,"href":"https:\/\/www.ccastermas.com\/gl\/wp-json\/wp\/v2\/pages\/84084\/revisions"}],"predecessor-version":[{"id":85091,"href":"https:\/\/www.ccastermas.com\/gl\/wp-json\/wp\/v2\/pages\/84084\/revisions\/85091"}],"wp:attachment":[{"href":"https:\/\/www.ccastermas.com\/gl\/wp-json\/wp\/v2\/media?parent=84084"}],"curies":[{"name":"wp","href":"https:\/\/api.w.org\/{rel}","templated":true}]}}