{"id":83965,"date":"2025-08-21T11:54:36","date_gmt":"2025-08-21T09:54:36","guid":{"rendered":"https:\/\/astermas.valordeley.es\/?page_id=83965"},"modified":"2025-08-21T13:37:44","modified_gmt":"2025-08-21T11:37:44","slug":"servizos","status":"publish","type":"page","link":"https:\/\/www.ccastermas.com\/gl\/tiendas\/servizos\/","title":{"rendered":"Tendas de servizo en Lugo"},"content":{"rendered":"<p style=\"text-align: center;\">No Centro Comercial As Termas de Lugo atopar\u00e1s unha gran variedade de servizos para satisfacer as t\u00faas necesidades. Desde xoier\u00edas coas \u00faltimas tendencias en xoier\u00eda e complementos, ata barber\u00edas con profesionais que che deixar\u00e1n impecable. Se es un amante dos videoxogos, temos tendas especializadas onde atopar\u00e1s os \u00faltimos lanzamentos e accesorios para gozar ao m\u00e1ximo da t\u00faa experiencia de xogo. Ademais, contamos con \u00f3pticas que ofrecen unha ampla gama de produtos para coidar a t\u00faa sa\u00fade visual, coa \u00faltima tecnolox\u00eda en lentes e monturas. Atopar todo o que necesitas nun s\u00f3 lugar, coa comodidade e variedade que buscas. Ven a co\u00f1ecernos e descubre todo o que temos para ti!<\/p>\n","protected":false},"excerpt":{"rendered":"<p>No Centro Comercial As Termas de Lugo atopar\u00e1s unha gran variedade de servizos para satisfacer as t\u00faas necesidades. Desde xoier\u00edas coas \u00faltimas tendencias en xoier\u00eda e complementos, ata barber\u00edas con profesionais que che deixar\u00e1n impecable. Se es un amante dos videoxogos, temos tendas especializadas onde atopar\u00e1s os \u00faltimos lanzamentos e accesorios para gozar ao m\u00e1ximo [&hellip;]<\/p>\n","protected":false},"author":6,"featured_media":1921,"parent":83818,"menu_order":0,"comment_status":"closed","ping_status":"closed","template":"page-tiendas.php","meta":{"footnotes":""},"class_list":["post-83965","page","type-page","status-publish","has-post-thumbnail","hentry"],"yoast_head":"<!-- This site is optimized with the Yoast SEO plugin v25.4 - https:\/\/yoast.com\/wordpress\/plugins\/seo\/ -->\n<title>Tendas de servizo en Lugo | Centro Comercial As Termas<\/title>\n<meta name=\"description\" content=\"No Centro Comercial As Termas de Lugo atopar\u00e1s unha gran variedade de servizos para satisfacer as t\u00faas necesidades.\" \/>\n<meta name=\"robots\" content=\"index, follow, max-snippet:-1, max-image-preview:large, max-video-preview:-1\" \/>\n<link rel=\"canonical\" href=\"https:\/\/www.ccastermas.com\/gl\/tiendas\/servizos\/\" \/>\n<meta property=\"og:locale\" content=\"gl_ES\" \/>\n<meta property=\"og:type\" content=\"article\" \/>\n<meta property=\"og:title\" content=\"Tendas de servizo en Lugo | Centro Comercial As Termas\" \/>\n<meta property=\"og:description\" content=\"No Centro Comercial As Termas de Lugo atopar\u00e1s unha gran variedade de servizos para satisfacer as t\u00faas necesidades.\" \/>\n<meta property=\"og:url\" content=\"https:\/\/www.ccastermas.com\/gl\/tiendas\/servizos\/\" \/>\n<meta property=\"og:site_name\" content=\"Centro Comercial As Termas\" \/>\n<meta property=\"article:modified_time\" content=\"2025-08-21T11:37:44+00:00\" \/>\n<meta name=\"twitter:card\" content=\"summary_large_image\" \/>\n<meta name=\"twitter:label1\" content=\"Tempo de lectura\" \/>\n\t<meta name=\"twitter:data1\" content=\"1 minuto\" \/>\n<!-- \/ Yoast SEO plugin. -->","yoast_head_json":{"title":"Tendas de servizo en Lugo | Centro Comercial As Termas","description":"No Centro Comercial As Termas de Lugo atopar\u00e1s unha gran variedade de servizos para satisfacer as t\u00faas necesidades.","robots":{"index":"index","follow":"follow","max-snippet":"max-snippet:-1","max-image-preview":"max-image-preview:large","max-video-preview":"max-video-preview:-1"},"canonical":"https:\/\/www.ccastermas.com\/gl\/tiendas\/servizos\/","og_locale":"gl_ES","og_type":"article","og_title":"Tendas de servizo en Lugo | Centro Comercial As Termas","og_description":"No Centro Comercial As Termas de Lugo atopar\u00e1s unha gran variedade de servizos para satisfacer as t\u00faas necesidades.","og_url":"https:\/\/www.ccastermas.com\/gl\/tiendas\/servizos\/","og_site_name":"Centro Comercial As Termas","article_modified_time":"2025-08-21T11:37:44+00:00","twitter_card":"summary_large_image","twitter_misc":{"Tempo de lectura":"1 minuto"},"schema":{"@context":"https:\/\/schema.org","@graph":[{"@type":"WebPage","@id":"https:\/\/www.ccastermas.com\/gl\/tiendas\/servizos\/","url":"https:\/\/www.ccastermas.com\/gl\/tiendas\/servizos\/","name":"Tendas de servizo en Lugo | Centro Comercial As Termas","isPartOf":{"@id":"https:\/\/www.ccastermas.com\/gl\/#website"},"primaryImageOfPage":{"@id":"https:\/\/www.ccastermas.com\/gl\/tiendas\/servizos\/#primaryimage"},"image":{"@id":"https:\/\/www.ccastermas.com\/gl\/tiendas\/servizos\/#primaryimage"},"thumbnailUrl":"","datePublished":"2025-08-21T09:54:36+00:00","dateModified":"2025-08-21T11:37:44+00:00","description":"No Centro Comercial As Termas de Lugo atopar\u00e1s unha gran variedade de servizos para satisfacer as t\u00faas necesidades.","breadcrumb":{"@id":"https:\/\/www.ccastermas.com\/gl\/tiendas\/servizos\/#breadcrumb"},"inLanguage":"gl-ES","potentialAction":[{"@type":"ReadAction","target":["https:\/\/www.ccastermas.com\/gl\/tiendas\/servizos\/"]}]},{"@type":"ImageObject","inLanguage":"gl-ES","@id":"https:\/\/www.ccastermas.com\/gl\/tiendas\/servizos\/#primaryimage","url":"","contentUrl":""},{"@type":"BreadcrumbList","@id":"https:\/\/www.ccastermas.com\/gl\/tiendas\/servizos\/#breadcrumb","itemListElement":[{"@type":"ListItem","position":1,"name":"Portada","item":"https:\/\/www.ccastermas.com\/gl\/"},{"@type":"ListItem","position":2,"name":"Tendas Lugo","item":"https:\/\/www.ccastermas.com\/gl\/tiendas\/"},{"@type":"ListItem","position":3,"name":"Tendas de servizo en Lugo"}]},{"@type":"WebSite","@id":"https:\/\/www.ccastermas.com\/gl\/#website","url":"https:\/\/www.ccastermas.com\/gl\/","name":"Centro Comercial As Termas","description":"Centro Comercial As Termas: Tu Centro Comercial en Lugo","publisher":{"@id":"https:\/\/www.ccastermas.com\/gl\/#organization"},"potentialAction":[{"@type":"SearchAction","target":{"@type":"EntryPoint","urlTemplate":"https:\/\/www.ccastermas.com\/gl\/?s={search_term_string}"},"query-input":{"@type":"PropertyValueSpecification","valueRequired":true,"valueName":"search_term_string"}}],"inLanguage":"gl-ES"},{"@type":"Organization","@id":"https:\/\/www.ccastermas.com\/gl\/#organization","name":"As Termas","alternateName":"Centro Comercial As Termas","url":"https:\/\/www.ccastermas.com\/gl\/","logo":{"@type":"ImageObject","inLanguage":"gl-ES","@id":"https:\/\/www.ccastermas.com\/gl\/#\/schema\/logo\/image\/","url":"https:\/\/www.ccastermas.com\/wp-content\/uploads\/2026\/01\/astermas-logo.jpg","contentUrl":"https:\/\/www.ccastermas.com\/wp-content\/uploads\/2026\/01\/astermas-logo.jpg","width":200,"height":140,"caption":"As Termas"},"image":{"@id":"https:\/\/www.ccastermas.com\/gl\/#\/schema\/logo\/image\/"}}]}},"publishpress_future_action":{"enabled":false,"date":"2026-05-11 05:56:11","action":"change-status","newStatus":"draft","terms":[],"taxonomy":"translation_priority"},"publishpress_future_workflow_manual_trigger":{"enabledWorkflows":[]},"_links":{"self":[{"href":"https:\/\/www.ccastermas.com\/gl\/wp-json\/wp\/v2\/pages\/83965","targetHints":{"allow":["GET"]}}],"collection":[{"href":"https:\/\/www.ccastermas.com\/gl\/wp-json\/wp\/v2\/pages"}],"about":[{"href":"https:\/\/www.ccastermas.com\/gl\/wp-json\/wp\/v2\/types\/page"}],"author":[{"embeddable":true,"href":"https:\/\/www.ccastermas.com\/gl\/wp-json\/wp\/v2\/users\/6"}],"replies":[{"embeddable":true,"href":"https:\/\/www.ccastermas.com\/gl\/wp-json\/wp\/v2\/comments?post=83965"}],"version-history":[{"count":5,"href":"https:\/\/www.ccastermas.com\/gl\/wp-json\/wp\/v2\/pages\/83965\/revisions"}],"predecessor-version":[{"id":84033,"href":"https:\/\/www.ccastermas.com\/gl\/wp-json\/wp\/v2\/pages\/83965\/revisions\/84033"}],"up":[{"embeddable":true,"href":"https:\/\/www.ccastermas.com\/gl\/wp-json\/wp\/v2\/pages\/83818"}],"wp:featuredmedia":[{"embeddable":true,"href":"https:\/\/www.ccastermas.com\/gl\/wp-json\/"}],"wp:attachment":[{"href":"https:\/\/www.ccastermas.com\/gl\/wp-json\/wp\/v2\/media?parent=83965"}],"curies":[{"name":"wp","href":"https:\/\/api.w.org\/{rel}","templated":true}]}}