{"id":83920,"date":"2025-08-20T15:01:29","date_gmt":"2025-08-20T13:01:29","guid":{"rendered":"https:\/\/astermas.valordeley.es\/?page_id=83920"},"modified":"2025-08-21T13:37:28","modified_gmt":"2025-08-21T11:37:28","slug":"calzado-gl","status":"publish","type":"page","link":"https:\/\/www.ccastermas.com\/gl\/tiendas\/calzado-gl\/","title":{"rendered":"Zapater\u00edas en Lugo"},"content":{"rendered":"<p style=\"text-align: center;\">Na secci\u00f3n de calzado do centro comercial As Termas de Lugo atopar\u00e1s unha gran variedade de opci\u00f3ns para todos os gustos e necesidades. Desde zapatillas deportivas ata elegantes zapatos de festa, temos todo o que necesitas para completar o teu look. O noso cat\u00e1logo incl\u00fae marcas reco\u00f1ecidas e de gran calidade, que garanten comodidade e estilo en cada paso. Ademais, contamos con persoal formado que che axudar\u00e1 a atopar o calzado perfecto para ti. Agard\u00e1moste en As Termas cos brazos abertos!<\/p>\n","protected":false},"excerpt":{"rendered":"<p>Na secci\u00f3n de calzado do centro comercial As Termas de Lugo atopar\u00e1s unha gran variedade de opci\u00f3ns para todos os gustos e necesidades. Desde zapatillas deportivas ata elegantes zapatos de festa, temos todo o que necesitas para completar o teu look. O noso cat\u00e1logo incl\u00fae marcas reco\u00f1ecidas e de gran calidade, que garanten comodidade e [&hellip;]<\/p>\n","protected":false},"author":6,"featured_media":1921,"parent":83818,"menu_order":0,"comment_status":"closed","ping_status":"closed","template":"page-tiendas.php","meta":{"footnotes":""},"class_list":["post-83920","page","type-page","status-publish","has-post-thumbnail","hentry"],"yoast_head":"<!-- This site is optimized with the Yoast SEO plugin v25.4 - https:\/\/yoast.com\/wordpress\/plugins\/seo\/ -->\n<title>Zapater\u00edas en Lugo | Centro Comercial As Termas<\/title>\n<meta name=\"description\" content=\"Na secci\u00f3n de calzado do centro comercial As Termas de Lugo atopar\u00e1s unha gran variedade de opci\u00f3ns para todos os gustos e necesidades.\" \/>\n<meta name=\"robots\" content=\"index, follow, max-snippet:-1, max-image-preview:large, max-video-preview:-1\" \/>\n<link rel=\"canonical\" href=\"https:\/\/www.ccastermas.com\/gl\/tiendas\/calzado-gl\/\" \/>\n<meta property=\"og:locale\" content=\"gl_ES\" \/>\n<meta property=\"og:type\" content=\"article\" \/>\n<meta property=\"og:title\" content=\"Zapater\u00edas en Lugo | Centro Comercial As Termas\" \/>\n<meta property=\"og:description\" content=\"Na secci\u00f3n de calzado do centro comercial As Termas de Lugo atopar\u00e1s unha gran variedade de opci\u00f3ns para todos os gustos e necesidades.\" \/>\n<meta property=\"og:url\" content=\"https:\/\/www.ccastermas.com\/gl\/tiendas\/calzado-gl\/\" \/>\n<meta property=\"og:site_name\" content=\"Centro Comercial As Termas\" \/>\n<meta property=\"article:modified_time\" content=\"2025-08-21T11:37:28+00:00\" \/>\n<meta name=\"twitter:card\" content=\"summary_large_image\" \/>\n<meta name=\"twitter:label1\" content=\"Tempo de lectura\" \/>\n\t<meta name=\"twitter:data1\" content=\"1 minuto\" \/>\n<!-- \/ Yoast SEO plugin. -->","yoast_head_json":{"title":"Zapater\u00edas en Lugo | Centro Comercial As Termas","description":"Na secci\u00f3n de calzado do centro comercial As Termas de Lugo atopar\u00e1s unha gran variedade de opci\u00f3ns para todos os gustos e necesidades.","robots":{"index":"index","follow":"follow","max-snippet":"max-snippet:-1","max-image-preview":"max-image-preview:large","max-video-preview":"max-video-preview:-1"},"canonical":"https:\/\/www.ccastermas.com\/gl\/tiendas\/calzado-gl\/","og_locale":"gl_ES","og_type":"article","og_title":"Zapater\u00edas en Lugo | Centro Comercial As Termas","og_description":"Na secci\u00f3n de calzado do centro comercial As Termas de Lugo atopar\u00e1s unha gran variedade de opci\u00f3ns para todos os gustos e necesidades.","og_url":"https:\/\/www.ccastermas.com\/gl\/tiendas\/calzado-gl\/","og_site_name":"Centro Comercial As Termas","article_modified_time":"2025-08-21T11:37:28+00:00","twitter_card":"summary_large_image","twitter_misc":{"Tempo de lectura":"1 minuto"},"schema":{"@context":"https:\/\/schema.org","@graph":[{"@type":"WebPage","@id":"https:\/\/www.ccastermas.com\/gl\/tiendas\/calzado-gl\/","url":"https:\/\/www.ccastermas.com\/gl\/tiendas\/calzado-gl\/","name":"Zapater\u00edas en Lugo | Centro Comercial As Termas","isPartOf":{"@id":"https:\/\/www.ccastermas.com\/gl\/#website"},"primaryImageOfPage":{"@id":"https:\/\/www.ccastermas.com\/gl\/tiendas\/calzado-gl\/#primaryimage"},"image":{"@id":"https:\/\/www.ccastermas.com\/gl\/tiendas\/calzado-gl\/#primaryimage"},"thumbnailUrl":"","datePublished":"2025-08-20T13:01:29+00:00","dateModified":"2025-08-21T11:37:28+00:00","description":"Na secci\u00f3n de calzado do centro comercial As Termas de Lugo atopar\u00e1s unha gran variedade de opci\u00f3ns para todos os gustos e necesidades.","breadcrumb":{"@id":"https:\/\/www.ccastermas.com\/gl\/tiendas\/calzado-gl\/#breadcrumb"},"inLanguage":"gl-ES","potentialAction":[{"@type":"ReadAction","target":["https:\/\/www.ccastermas.com\/gl\/tiendas\/calzado-gl\/"]}]},{"@type":"ImageObject","inLanguage":"gl-ES","@id":"https:\/\/www.ccastermas.com\/gl\/tiendas\/calzado-gl\/#primaryimage","url":"","contentUrl":""},{"@type":"BreadcrumbList","@id":"https:\/\/www.ccastermas.com\/gl\/tiendas\/calzado-gl\/#breadcrumb","itemListElement":[{"@type":"ListItem","position":1,"name":"Portada","item":"https:\/\/www.ccastermas.com\/gl\/"},{"@type":"ListItem","position":2,"name":"Tendas Lugo","item":"https:\/\/www.ccastermas.com\/gl\/tiendas\/"},{"@type":"ListItem","position":3,"name":"Zapater\u00edas en Lugo"}]},{"@type":"WebSite","@id":"https:\/\/www.ccastermas.com\/gl\/#website","url":"https:\/\/www.ccastermas.com\/gl\/","name":"Centro Comercial As Termas","description":"Centro Comercial As Termas: Tu Centro Comercial en Lugo","publisher":{"@id":"https:\/\/www.ccastermas.com\/gl\/#organization"},"potentialAction":[{"@type":"SearchAction","target":{"@type":"EntryPoint","urlTemplate":"https:\/\/www.ccastermas.com\/gl\/?s={search_term_string}"},"query-input":{"@type":"PropertyValueSpecification","valueRequired":true,"valueName":"search_term_string"}}],"inLanguage":"gl-ES"},{"@type":"Organization","@id":"https:\/\/www.ccastermas.com\/gl\/#organization","name":"As Termas","alternateName":"Centro Comercial As Termas","url":"https:\/\/www.ccastermas.com\/gl\/","logo":{"@type":"ImageObject","inLanguage":"gl-ES","@id":"https:\/\/www.ccastermas.com\/gl\/#\/schema\/logo\/image\/","url":"https:\/\/www.ccastermas.com\/wp-content\/uploads\/2026\/01\/astermas-logo.jpg","contentUrl":"https:\/\/www.ccastermas.com\/wp-content\/uploads\/2026\/01\/astermas-logo.jpg","width":200,"height":140,"caption":"As Termas"},"image":{"@id":"https:\/\/www.ccastermas.com\/gl\/#\/schema\/logo\/image\/"}}]}},"publishpress_future_action":{"enabled":false,"date":"2026-05-11 04:38:29","action":"change-status","newStatus":"draft","terms":[],"taxonomy":"translation_priority"},"publishpress_future_workflow_manual_trigger":{"enabledWorkflows":[]},"_links":{"self":[{"href":"https:\/\/www.ccastermas.com\/gl\/wp-json\/wp\/v2\/pages\/83920","targetHints":{"allow":["GET"]}}],"collection":[{"href":"https:\/\/www.ccastermas.com\/gl\/wp-json\/wp\/v2\/pages"}],"about":[{"href":"https:\/\/www.ccastermas.com\/gl\/wp-json\/wp\/v2\/types\/page"}],"author":[{"embeddable":true,"href":"https:\/\/www.ccastermas.com\/gl\/wp-json\/wp\/v2\/users\/6"}],"replies":[{"embeddable":true,"href":"https:\/\/www.ccastermas.com\/gl\/wp-json\/wp\/v2\/comments?post=83920"}],"version-history":[{"count":5,"href":"https:\/\/www.ccastermas.com\/gl\/wp-json\/wp\/v2\/pages\/83920\/revisions"}],"predecessor-version":[{"id":84027,"href":"https:\/\/www.ccastermas.com\/gl\/wp-json\/wp\/v2\/pages\/83920\/revisions\/84027"}],"up":[{"embeddable":true,"href":"https:\/\/www.ccastermas.com\/gl\/wp-json\/wp\/v2\/pages\/83818"}],"wp:featuredmedia":[{"embeddable":true,"href":"https:\/\/www.ccastermas.com\/gl\/wp-json\/"}],"wp:attachment":[{"href":"https:\/\/www.ccastermas.com\/gl\/wp-json\/wp\/v2\/media?parent=83920"}],"curies":[{"name":"wp","href":"https:\/\/api.w.org\/{rel}","templated":true}]}}