{"id":83919,"date":"2025-08-20T15:01:52","date_gmt":"2025-08-20T13:01:52","guid":{"rendered":"https:\/\/astermas.valordeley.es\/?page_id=83919"},"modified":"2025-08-21T13:36:51","modified_gmt":"2025-08-21T11:36:51","slug":"beleza","status":"publish","type":"page","link":"https:\/\/www.ccastermas.com\/gl\/tiendas\/beleza\/","title":{"rendered":"Tendas de cosm\u00e9tica e perfumer\u00eda en Lugo"},"content":{"rendered":"<p style=\"text-align: center;\">Na nosa secci\u00f3n de beleza atopar\u00e1s todo o que necesitas para lucir radiante e sentirte seguro de ti mesmo. A nosa ampla gama de perfumes, cosm\u00e9ticos e tratamentos de depilaci\u00f3n con l\u00e1ser axudarache a mellorar a t\u00faa beleza natural. Temos as mellores marcas de perfumes e fragr\u00e2ncias para que poidas atopar o teu cheiro favorito e deixar unha impresi\u00f3n duradeira. Ademais, a nosa selecci\u00f3n de cosm\u00e9ticos axudarache a destacar as t\u00faas caracter\u00edsticas e a coidar a t\u00faa pel, mantendo sa e radiante. Vis\u00edtanos no centro comercial As Termas de Lugo e d\u00e9ixate sorprender polo noso centro comercial. Descubre a t\u00faa mellor versi\u00f3n connosco!<\/p>\n","protected":false},"excerpt":{"rendered":"<p>Na nosa secci\u00f3n de beleza atopar\u00e1s todo o que necesitas para lucir radiante e sentirte seguro de ti mesmo. A nosa ampla gama de perfumes, cosm\u00e9ticos e tratamentos de depilaci\u00f3n con l\u00e1ser axudarache a mellorar a t\u00faa beleza natural. Temos as mellores marcas de perfumes e fragr\u00e2ncias para que poidas atopar o teu cheiro favorito [&hellip;]<\/p>\n","protected":false},"author":6,"featured_media":1921,"parent":83818,"menu_order":0,"comment_status":"closed","ping_status":"closed","template":"page-tiendas.php","meta":{"footnotes":""},"class_list":["post-83919","page","type-page","status-publish","has-post-thumbnail","hentry"],"yoast_head":"<!-- This site is optimized with the Yoast SEO plugin v25.4 - https:\/\/yoast.com\/wordpress\/plugins\/seo\/ -->\n<title>Tendas de cosm\u00e9tica e perfumer\u00eda en Lugo | Centro Comercial As Termas<\/title>\n<meta name=\"description\" content=\"Na nosa secci\u00f3n de beleza atopar\u00e1s todo o que necesitas para lucir radiante e sentirte seguro de ti mesmo.\" \/>\n<meta name=\"robots\" content=\"index, follow, max-snippet:-1, max-image-preview:large, max-video-preview:-1\" \/>\n<link rel=\"canonical\" href=\"https:\/\/www.ccastermas.com\/gl\/tiendas\/beleza\/\" \/>\n<meta property=\"og:locale\" content=\"gl_ES\" \/>\n<meta property=\"og:type\" content=\"article\" \/>\n<meta property=\"og:title\" content=\"Tendas de cosm\u00e9tica e perfumer\u00eda en Lugo | Centro Comercial As Termas\" \/>\n<meta property=\"og:description\" content=\"Na nosa secci\u00f3n de beleza atopar\u00e1s todo o que necesitas para lucir radiante e sentirte seguro de ti mesmo.\" \/>\n<meta property=\"og:url\" content=\"https:\/\/www.ccastermas.com\/gl\/tiendas\/beleza\/\" \/>\n<meta property=\"og:site_name\" content=\"Centro Comercial As Termas\" \/>\n<meta property=\"article:modified_time\" content=\"2025-08-21T11:36:51+00:00\" \/>\n<meta name=\"twitter:card\" content=\"summary_large_image\" \/>\n<meta name=\"twitter:label1\" content=\"Tempo de lectura\" \/>\n\t<meta name=\"twitter:data1\" content=\"1 minuto\" \/>\n<!-- \/ Yoast SEO plugin. -->","yoast_head_json":{"title":"Tendas de cosm\u00e9tica e perfumer\u00eda en Lugo | Centro Comercial As Termas","description":"Na nosa secci\u00f3n de beleza atopar\u00e1s todo o que necesitas para lucir radiante e sentirte seguro de ti mesmo.","robots":{"index":"index","follow":"follow","max-snippet":"max-snippet:-1","max-image-preview":"max-image-preview:large","max-video-preview":"max-video-preview:-1"},"canonical":"https:\/\/www.ccastermas.com\/gl\/tiendas\/beleza\/","og_locale":"gl_ES","og_type":"article","og_title":"Tendas de cosm\u00e9tica e perfumer\u00eda en Lugo | Centro Comercial As Termas","og_description":"Na nosa secci\u00f3n de beleza atopar\u00e1s todo o que necesitas para lucir radiante e sentirte seguro de ti mesmo.","og_url":"https:\/\/www.ccastermas.com\/gl\/tiendas\/beleza\/","og_site_name":"Centro Comercial As Termas","article_modified_time":"2025-08-21T11:36:51+00:00","twitter_card":"summary_large_image","twitter_misc":{"Tempo de lectura":"1 minuto"},"schema":{"@context":"https:\/\/schema.org","@graph":[{"@type":"WebPage","@id":"https:\/\/www.ccastermas.com\/gl\/tiendas\/beleza\/","url":"https:\/\/www.ccastermas.com\/gl\/tiendas\/beleza\/","name":"Tendas de cosm\u00e9tica e perfumer\u00eda en Lugo | Centro Comercial As Termas","isPartOf":{"@id":"https:\/\/www.ccastermas.com\/gl\/#website"},"primaryImageOfPage":{"@id":"https:\/\/www.ccastermas.com\/gl\/tiendas\/beleza\/#primaryimage"},"image":{"@id":"https:\/\/www.ccastermas.com\/gl\/tiendas\/beleza\/#primaryimage"},"thumbnailUrl":"","datePublished":"2025-08-20T13:01:52+00:00","dateModified":"2025-08-21T11:36:51+00:00","description":"Na nosa secci\u00f3n de beleza atopar\u00e1s todo o que necesitas para lucir radiante e sentirte seguro de ti mesmo.","breadcrumb":{"@id":"https:\/\/www.ccastermas.com\/gl\/tiendas\/beleza\/#breadcrumb"},"inLanguage":"gl-ES","potentialAction":[{"@type":"ReadAction","target":["https:\/\/www.ccastermas.com\/gl\/tiendas\/beleza\/"]}]},{"@type":"ImageObject","inLanguage":"gl-ES","@id":"https:\/\/www.ccastermas.com\/gl\/tiendas\/beleza\/#primaryimage","url":"","contentUrl":""},{"@type":"BreadcrumbList","@id":"https:\/\/www.ccastermas.com\/gl\/tiendas\/beleza\/#breadcrumb","itemListElement":[{"@type":"ListItem","position":1,"name":"Portada","item":"https:\/\/www.ccastermas.com\/gl\/"},{"@type":"ListItem","position":2,"name":"Tendas Lugo","item":"https:\/\/www.ccastermas.com\/gl\/tiendas\/"},{"@type":"ListItem","position":3,"name":"Tendas de cosm\u00e9tica e perfumer\u00eda en Lugo"}]},{"@type":"WebSite","@id":"https:\/\/www.ccastermas.com\/gl\/#website","url":"https:\/\/www.ccastermas.com\/gl\/","name":"Centro Comercial As Termas","description":"Centro Comercial As Termas: Tu Centro Comercial en Lugo","publisher":{"@id":"https:\/\/www.ccastermas.com\/gl\/#organization"},"potentialAction":[{"@type":"SearchAction","target":{"@type":"EntryPoint","urlTemplate":"https:\/\/www.ccastermas.com\/gl\/?s={search_term_string}"},"query-input":{"@type":"PropertyValueSpecification","valueRequired":true,"valueName":"search_term_string"}}],"inLanguage":"gl-ES"},{"@type":"Organization","@id":"https:\/\/www.ccastermas.com\/gl\/#organization","name":"As Termas","alternateName":"Centro Comercial As Termas","url":"https:\/\/www.ccastermas.com\/gl\/","logo":{"@type":"ImageObject","inLanguage":"gl-ES","@id":"https:\/\/www.ccastermas.com\/gl\/#\/schema\/logo\/image\/","url":"https:\/\/www.ccastermas.com\/wp-content\/uploads\/2026\/01\/astermas-logo.jpg","contentUrl":"https:\/\/www.ccastermas.com\/wp-content\/uploads\/2026\/01\/astermas-logo.jpg","width":200,"height":140,"caption":"As Termas"},"image":{"@id":"https:\/\/www.ccastermas.com\/gl\/#\/schema\/logo\/image\/"}}]}},"publishpress_future_action":{"enabled":false,"date":"2026-05-11 05:56:03","action":"change-status","newStatus":"draft","terms":[],"taxonomy":"translation_priority"},"publishpress_future_workflow_manual_trigger":{"enabledWorkflows":[]},"_links":{"self":[{"href":"https:\/\/www.ccastermas.com\/gl\/wp-json\/wp\/v2\/pages\/83919","targetHints":{"allow":["GET"]}}],"collection":[{"href":"https:\/\/www.ccastermas.com\/gl\/wp-json\/wp\/v2\/pages"}],"about":[{"href":"https:\/\/www.ccastermas.com\/gl\/wp-json\/wp\/v2\/types\/page"}],"author":[{"embeddable":true,"href":"https:\/\/www.ccastermas.com\/gl\/wp-json\/wp\/v2\/users\/6"}],"replies":[{"embeddable":true,"href":"https:\/\/www.ccastermas.com\/gl\/wp-json\/wp\/v2\/comments?post=83919"}],"version-history":[{"count":5,"href":"https:\/\/www.ccastermas.com\/gl\/wp-json\/wp\/v2\/pages\/83919\/revisions"}],"predecessor-version":[{"id":84018,"href":"https:\/\/www.ccastermas.com\/gl\/wp-json\/wp\/v2\/pages\/83919\/revisions\/84018"}],"up":[{"embeddable":true,"href":"https:\/\/www.ccastermas.com\/gl\/wp-json\/wp\/v2\/pages\/83818"}],"wp:featuredmedia":[{"embeddable":true,"href":"https:\/\/www.ccastermas.com\/gl\/wp-json\/"}],"wp:attachment":[{"href":"https:\/\/www.ccastermas.com\/gl\/wp-json\/wp\/v2\/media?parent=83919"}],"curies":[{"name":"wp","href":"https:\/\/api.w.org\/{rel}","templated":true}]}}