{"id":83905,"date":"2025-08-20T14:23:56","date_gmt":"2025-08-20T12:23:56","guid":{"rendered":"https:\/\/astermas.valordeley.es\/?page_id=83905"},"modified":"2025-10-29T09:04:35","modified_gmt":"2025-10-29T08:04:35","slug":"informal-gl","status":"publish","type":"page","link":"https:\/\/www.ccastermas.com\/gl\/restaurantes\/informal-gl\/","title":{"rendered":"Restaurantes informais en Lugo"},"content":{"rendered":"\t\t<div data-elementor-type=\"wp-page\" data-elementor-id=\"83905\" class=\"elementor elementor-83905 elementor-76902\">\n\t\t\t\t<div class=\"elementor-element elementor-element-7e0c4b81 e-flex e-con-boxed e-con e-parent\" data-id=\"7e0c4b81\" data-element_type=\"container\">\n\t\t\t\t\t<div class=\"e-con-inner\">\n\t\t\t\t<div class=\"elementor-element elementor-element-23b0222b elementor-hidden-desktop elementor-hidden-tablet elementor-hidden-mobile elementor-widget elementor-widget-text-editor\" data-id=\"23b0222b\" data-element_type=\"widget\" data-widget_type=\"text-editor.default\">\n\t\t\t\t<div class=\"elementor-widget-container\">\n\t\t\t\t\t\t\t\t\t<p>\u00bfTe apetece una comida informal, sabrosa y con opciones para todos? En el centro comercial As Termas, en Lugo, encontrar\u00e1s restaurantes ideales para disfrutar de algo r\u00e1pido, delicioso y lleno de buen rollo. \u00a1Ven a saborear tus momentos m\u00e1s informales!<\/p>\t\t\t\t\t\t\t\t<\/div>\n\t\t\t\t<\/div>\n\t\t\t\t\t<\/div>\n\t\t\t\t<\/div>\n\t\t\t\t<\/div>\n\t\t","protected":false},"excerpt":{"rendered":"<p>Apeteceche unha comida informal e saborosa con algo para todos os gustos? No centro comercial As Termas de Lugo atopar\u00e1s restaurantes perfectos para desfrutar de algo r\u00e1pido, delicioso e cheo de boas vibraci\u00f3ns. Ven e saborea os teus momentos m\u00e1is relaxados!<\/p>\n","protected":false},"author":6,"featured_media":1921,"parent":83773,"menu_order":0,"comment_status":"closed","ping_status":"closed","template":"page-restaurantes.php","meta":{"footnotes":""},"class_list":["post-83905","page","type-page","status-publish","has-post-thumbnail","hentry"],"yoast_head":"<!-- This site is optimized with the Yoast SEO plugin v25.4 - https:\/\/yoast.com\/wordpress\/plugins\/seo\/ -->\n<title>Restaurantes informales en Lugo | Centro Comercial As Termas<\/title>\n<meta name=\"description\" content=\"\u00bfBuscas restaurantes informales en Lugo?\" \/>\n<meta name=\"robots\" content=\"index, follow, max-snippet:-1, max-image-preview:large, max-video-preview:-1\" \/>\n<link rel=\"canonical\" href=\"https:\/\/www.ccastermas.com\/gl\/restaurantes\/informal-gl\/\" \/>\n<meta property=\"og:locale\" content=\"gl_ES\" \/>\n<meta property=\"og:type\" content=\"article\" \/>\n<meta property=\"og:title\" content=\"Restaurantes informales en Lugo | Centro Comercial As Termas\" \/>\n<meta property=\"og:description\" content=\"\u00bfBuscas restaurantes informales en Lugo?\" \/>\n<meta property=\"og:url\" content=\"https:\/\/www.ccastermas.com\/gl\/restaurantes\/informal-gl\/\" \/>\n<meta property=\"og:site_name\" content=\"Centro Comercial As Termas\" \/>\n<meta property=\"article:modified_time\" content=\"2025-10-29T08:04:35+00:00\" \/>\n<meta name=\"twitter:card\" content=\"summary_large_image\" \/>\n<!-- \/ Yoast SEO plugin. -->","yoast_head_json":{"title":"Restaurantes informales en Lugo | Centro Comercial As Termas","description":"\u00bfBuscas restaurantes informales en Lugo?","robots":{"index":"index","follow":"follow","max-snippet":"max-snippet:-1","max-image-preview":"max-image-preview:large","max-video-preview":"max-video-preview:-1"},"canonical":"https:\/\/www.ccastermas.com\/gl\/restaurantes\/informal-gl\/","og_locale":"gl_ES","og_type":"article","og_title":"Restaurantes informales en Lugo | Centro Comercial As Termas","og_description":"\u00bfBuscas restaurantes informales en Lugo?","og_url":"https:\/\/www.ccastermas.com\/gl\/restaurantes\/informal-gl\/","og_site_name":"Centro Comercial As Termas","article_modified_time":"2025-10-29T08:04:35+00:00","twitter_card":"summary_large_image","schema":{"@context":"https:\/\/schema.org","@graph":[{"@type":"WebPage","@id":"https:\/\/www.ccastermas.com\/gl\/restaurantes\/informal-gl\/","url":"https:\/\/www.ccastermas.com\/gl\/restaurantes\/informal-gl\/","name":"Restaurantes informales en Lugo | Centro Comercial As Termas","isPartOf":{"@id":"https:\/\/www.ccastermas.com\/gl\/#website"},"primaryImageOfPage":{"@id":"https:\/\/www.ccastermas.com\/gl\/restaurantes\/informal-gl\/#primaryimage"},"image":{"@id":"https:\/\/www.ccastermas.com\/gl\/restaurantes\/informal-gl\/#primaryimage"},"thumbnailUrl":"","datePublished":"2025-08-20T12:23:56+00:00","dateModified":"2025-10-29T08:04:35+00:00","description":"\u00bfBuscas restaurantes informales en Lugo?","breadcrumb":{"@id":"https:\/\/www.ccastermas.com\/gl\/restaurantes\/informal-gl\/#breadcrumb"},"inLanguage":"gl-ES","potentialAction":[{"@type":"ReadAction","target":["https:\/\/www.ccastermas.com\/gl\/restaurantes\/informal-gl\/"]}]},{"@type":"ImageObject","inLanguage":"gl-ES","@id":"https:\/\/www.ccastermas.com\/gl\/restaurantes\/informal-gl\/#primaryimage","url":"","contentUrl":""},{"@type":"BreadcrumbList","@id":"https:\/\/www.ccastermas.com\/gl\/restaurantes\/informal-gl\/#breadcrumb","itemListElement":[{"@type":"ListItem","position":1,"name":"Portada","item":"https:\/\/www.ccastermas.com\/gl\/"},{"@type":"ListItem","position":2,"name":"Restaurantes Lugo","item":"https:\/\/www.ccastermas.com\/gl\/restaurantes\/"},{"@type":"ListItem","position":3,"name":"Restaurantes informais en Lugo"}]},{"@type":"WebSite","@id":"https:\/\/www.ccastermas.com\/gl\/#website","url":"https:\/\/www.ccastermas.com\/gl\/","name":"Centro Comercial As Termas","description":"Centro Comercial As Termas: Tu Centro Comercial en Lugo","publisher":{"@id":"https:\/\/www.ccastermas.com\/gl\/#organization"},"potentialAction":[{"@type":"SearchAction","target":{"@type":"EntryPoint","urlTemplate":"https:\/\/www.ccastermas.com\/gl\/?s={search_term_string}"},"query-input":{"@type":"PropertyValueSpecification","valueRequired":true,"valueName":"search_term_string"}}],"inLanguage":"gl-ES"},{"@type":"Organization","@id":"https:\/\/www.ccastermas.com\/gl\/#organization","name":"As Termas","alternateName":"Centro Comercial As Termas","url":"https:\/\/www.ccastermas.com\/gl\/","logo":{"@type":"ImageObject","inLanguage":"gl-ES","@id":"https:\/\/www.ccastermas.com\/gl\/#\/schema\/logo\/image\/","url":"https:\/\/www.ccastermas.com\/wp-content\/uploads\/2026\/01\/astermas-logo.jpg","contentUrl":"https:\/\/www.ccastermas.com\/wp-content\/uploads\/2026\/01\/astermas-logo.jpg","width":200,"height":140,"caption":"As Termas"},"image":{"@id":"https:\/\/www.ccastermas.com\/gl\/#\/schema\/logo\/image\/"}}]}},"publishpress_future_action":{"enabled":false,"date":"2026-04-19 17:50:57","action":"change-status","newStatus":"draft","terms":[],"taxonomy":"translation_priority"},"publishpress_future_workflow_manual_trigger":{"enabledWorkflows":[]},"_links":{"self":[{"href":"https:\/\/www.ccastermas.com\/gl\/wp-json\/wp\/v2\/pages\/83905","targetHints":{"allow":["GET"]}}],"collection":[{"href":"https:\/\/www.ccastermas.com\/gl\/wp-json\/wp\/v2\/pages"}],"about":[{"href":"https:\/\/www.ccastermas.com\/gl\/wp-json\/wp\/v2\/types\/page"}],"author":[{"embeddable":true,"href":"https:\/\/www.ccastermas.com\/gl\/wp-json\/wp\/v2\/users\/6"}],"replies":[{"embeddable":true,"href":"https:\/\/www.ccastermas.com\/gl\/wp-json\/wp\/v2\/comments?post=83905"}],"version-history":[{"count":3,"href":"https:\/\/www.ccastermas.com\/gl\/wp-json\/wp\/v2\/pages\/83905\/revisions"}],"predecessor-version":[{"id":85731,"href":"https:\/\/www.ccastermas.com\/gl\/wp-json\/wp\/v2\/pages\/83905\/revisions\/85731"}],"up":[{"embeddable":true,"href":"https:\/\/www.ccastermas.com\/gl\/wp-json\/wp\/v2\/pages\/83773"}],"wp:featuredmedia":[{"embeddable":true,"href":"https:\/\/www.ccastermas.com\/gl\/wp-json\/"}],"wp:attachment":[{"href":"https:\/\/www.ccastermas.com\/gl\/wp-json\/wp\/v2\/media?parent=83905"}],"curies":[{"name":"wp","href":"https:\/\/api.w.org\/{rel}","templated":true}]}}