{"id":83836,"date":"2025-08-20T13:45:09","date_gmt":"2025-08-20T11:45:09","guid":{"rendered":"https:\/\/astermas.valordeley.es\/?page_id=83836"},"modified":"2025-08-25T13:02:35","modified_gmt":"2025-08-25T11:02:35","slug":"whatsapp-shopping-centro-comercial","status":"publish","type":"page","link":"https:\/\/www.ccastermas.com\/gl\/whatsapp-shopping-centro-comercial\/","title":{"rendered":"WhatsApp Shopping"},"content":{"rendered":"\t\t<div data-elementor-type=\"wp-page\" data-elementor-id=\"83836\" class=\"elementor elementor-83836 elementor-77508\">\n\t\t\t\t\t\t<section class=\"elementor-section elementor-top-section elementor-element elementor-element-cd655c2 elementor-section-height-min-height elementor-hidden-mobile elementor-hidden-tablet elementor-section-boxed elementor-section-height-default elementor-section-items-middle\" data-id=\"cd655c2\" data-element_type=\"section\" data-settings=\"{&quot;background_background&quot;:&quot;classic&quot;}\">\n\t\t\t\t\t\t<div class=\"elementor-container elementor-column-gap-default\">\n\t\t\t\t\t<div class=\" elementor-column elementor-col-100 elementor-top-column elementor-element elementor-element-2a13eaf\" data-fullscreen-column-settings=\"{&quot;fullscreen&quot;:&quot;&quot;}\" data-id=\"2a13eaf\" data-element_type=\"column\">\n\t\t\t<div class=\"elementor-widget-wrap\">\n\t\t\t\t\t\t\t<\/div>\n\t\t<\/div>\n\t\t\t\t\t<\/div>\n\t\t<\/section>\n\t\t<div class=\"elementor-element elementor-element-f2488fb e-flex e-con-boxed e-con e-parent\" data-id=\"f2488fb\" data-element_type=\"container\">\n\t\t\t\t\t<div class=\"e-con-inner\">\n\t\t<div class=\"elementor-element elementor-element-c32fe88 e-con-full e-flex e-con e-child\" data-id=\"c32fe88\" data-element_type=\"container\">\n\t\t<div class=\"elementor-element elementor-element-460f02e e-con-full e-flex e-con e-child\" data-id=\"460f02e\" data-element_type=\"container\">\n\t\t\t\t<div class=\"elementor-element elementor-element-abf7ea5 elementor-widget elementor-widget-heading\" data-id=\"abf7ea5\" data-element_type=\"widget\" data-widget_type=\"heading.default\">\n\t\t\t\t<div class=\"elementor-widget-container\">\n\t\t\t\t\t<h2 class=\"elementor-heading-title elementor-size-default\">TES WHATSAPP? <br>AGORA PODES FACER<\/h2>\t\t\t\t<\/div>\n\t\t\t\t<\/div>\n\t\t\t\t<\/div>\n\t\t<div class=\"elementor-element elementor-element-37f485b e-con-full e-flex e-con e-child\" data-id=\"37f485b\" data-element_type=\"container\">\n\t\t\t\t<div class=\"elementor-element elementor-element-3fa2914 elementor-widget elementor-widget-heading\" data-id=\"3fa2914\" data-element_type=\"widget\" data-widget_type=\"heading.default\">\n\t\t\t\t<div class=\"elementor-widget-container\">\n\t\t\t\t\t<h1 class=\"elementor-heading-title elementor-size-default\">WHATSAPP <span style=\"color: #10928c\">SHOPPING<\/span><\/h1>\t\t\t\t<\/div>\n\t\t\t\t<\/div>\n\t\t\t\t<\/div>\n\t\t<div class=\"elementor-element elementor-element-392a9c6 e-con-full e-grid e-con e-child\" data-id=\"392a9c6\" data-element_type=\"container\">\n\t\t<div class=\"elementor-element elementor-element-024c3a0 e-con-full e-flex e-con e-child\" data-id=\"024c3a0\" data-element_type=\"container\">\n\t\t\t\t<div class=\"elementor-element elementor-element-09cd326 elementor-widget__width-initial elementor-widget elementor-widget-image\" data-id=\"09cd326\" data-element_type=\"widget\" data-widget_type=\"image.default\">\n\t\t\t\t<div class=\"elementor-widget-container\">\n\t\t\t\t\t\t\t\t\t\t\t\t\t\t\t<img fetchpriority=\"high\" decoding=\"async\" width=\"250\" height=\"346\" src=\"https:\/\/www.ccastermas.com\/wp-content\/uploads\/2025\/08\/AsTermas_WhatsappShopping_MovilIcono-1.png\" class=\"attachment-large size-large wp-image-84818\" alt=\"\" srcset=\"https:\/\/www.ccastermas.com\/wp-content\/uploads\/2025\/08\/AsTermas_WhatsappShopping_MovilIcono-1.png 250w, https:\/\/www.ccastermas.com\/wp-content\/uploads\/2025\/08\/AsTermas_WhatsappShopping_MovilIcono-1-200x277.png 200w\" sizes=\"(max-width: 250px) 100vw, 250px\" \/>\t\t\t\t\t\t\t\t\t\t\t\t\t\t\t<\/div>\n\t\t\t\t<\/div>\n\t\t<div class=\"elementor-element elementor-element-d256bdb e-con-full e-flex e-con e-child\" data-id=\"d256bdb\" data-element_type=\"container\">\n\t\t\t\t<div class=\"elementor-element elementor-element-34c087d elementor-widget elementor-widget-heading\" data-id=\"34c087d\" data-element_type=\"widget\" data-widget_type=\"heading.default\">\n\t\t\t\t<div class=\"elementor-widget-container\">\n\t\t\t\t\t<h4 class=\"elementor-heading-title elementor-size-default\">CONTACTE COA TENDA<\/h4>\t\t\t\t<\/div>\n\t\t\t\t<\/div>\n\t\t\t\t<div class=\"elementor-element elementor-element-990f86f elementor-widget elementor-widget-text-editor\" data-id=\"990f86f\" data-element_type=\"widget\" data-widget_type=\"text-editor.default\">\n\t\t\t\t<div class=\"elementor-widget-container\">\n\t\t\t\t\t\t\t\t\t<p>Goza dunha atenci\u00f3n exclusiva. Consulta a dispo\u00f1ibilidade do produto, recibe asesoramento personalizado e fai as t\u00faas compras comodamente a trav\u00e9s de WhatsApp.<\/p>\t\t\t\t\t\t\t\t<\/div>\n\t\t\t\t<\/div>\n\t\t\t\t<\/div>\n\t\t\t\t<\/div>\n\t\t<div class=\"elementor-element elementor-element-2d28350 e-con-full e-flex e-con e-child\" data-id=\"2d28350\" data-element_type=\"container\">\n\t\t\t\t<div class=\"elementor-element elementor-element-45a0fbe elementor-widget__width-initial elementor-widget elementor-widget-image\" data-id=\"45a0fbe\" data-element_type=\"widget\" data-widget_type=\"image.default\">\n\t\t\t\t<div class=\"elementor-widget-container\">\n\t\t\t\t\t\t\t\t\t\t\t\t\t\t\t<img decoding=\"async\" width=\"350\" height=\"227\" src=\"https:\/\/www.ccastermas.com\/wp-content\/uploads\/2025\/08\/AsTermas_WhatsappShopping_Compras-1.png\" class=\"attachment-large size-large wp-image-84820\" alt=\"\" srcset=\"https:\/\/www.ccastermas.com\/wp-content\/uploads\/2025\/08\/AsTermas_WhatsappShopping_Compras-1.png 350w, https:\/\/www.ccastermas.com\/wp-content\/uploads\/2025\/08\/AsTermas_WhatsappShopping_Compras-1-200x130.png 200w\" sizes=\"(max-width: 350px) 100vw, 350px\" \/>\t\t\t\t\t\t\t\t\t\t\t\t\t\t\t<\/div>\n\t\t\t\t<\/div>\n\t\t<div class=\"elementor-element elementor-element-059578d e-con-full e-flex e-con e-child\" data-id=\"059578d\" data-element_type=\"container\">\n\t\t\t\t<div class=\"elementor-element elementor-element-38ba94f elementor-widget elementor-widget-heading\" data-id=\"38ba94f\" data-element_type=\"widget\" data-widget_type=\"heading.default\">\n\t\t\t\t<div class=\"elementor-widget-container\">\n\t\t\t\t\t<h3 class=\"elementor-heading-title elementor-size-default\">AQU\u00cd EST\u00c1N AS S\u00daAS COMPRAS<\/h3>\t\t\t\t<\/div>\n\t\t\t\t<\/div>\n\t\t\t\t<div class=\"elementor-element elementor-element-aa2d392 elementor-widget elementor-widget-text-editor\" data-id=\"aa2d392\" data-element_type=\"widget\" data-widget_type=\"text-editor.default\">\n\t\t\t\t<div class=\"elementor-widget-container\">\n\t\t\t\t\t\t\t\t\t<p>Prefires recibir a compra na casa ou recollela en As Termas?<br \/>\u00c9 cousa t\u00faa!<\/p>\t\t\t\t\t\t\t\t<\/div>\n\t\t\t\t<\/div>\n\t\t\t\t<\/div>\n\t\t\t\t<\/div>\n\t\t\t\t<\/div>\n\t\t\t\t<\/div>\n\t\t<div class=\"elementor-element elementor-element-b4af904 e-con-full e-flex e-con e-child\" data-id=\"b4af904\" data-element_type=\"container\">\n\t\t\t\t<div class=\"elementor-element elementor-element-6b8268e elementor-widget elementor-widget-image\" data-id=\"6b8268e\" data-element_type=\"widget\" data-widget_type=\"image.default\">\n\t\t\t\t<div class=\"elementor-widget-container\">\n\t\t\t\t\t\t\t\t\t\t\t\t\t\t\t<img decoding=\"async\" width=\"240\" height=\"330\" src=\"https:\/\/www.ccastermas.com\/wp-content\/uploads\/2025\/08\/Astermas_Movil_WhatsAppShopping-2-1.png\" class=\"attachment-large size-large wp-image-84822\" alt=\"\" srcset=\"https:\/\/www.ccastermas.com\/wp-content\/uploads\/2025\/08\/Astermas_Movil_WhatsAppShopping-2-1.png 240w, https:\/\/www.ccastermas.com\/wp-content\/uploads\/2025\/08\/Astermas_Movil_WhatsAppShopping-2-1-200x275.png 200w\" sizes=\"(max-width: 240px) 100vw, 240px\" \/>\t\t\t\t\t\t\t\t\t\t\t\t\t\t\t<\/div>\n\t\t\t\t<\/div>\n\t\t\t\t<\/div>\n\t\t\t\t\t<\/div>\n\t\t\t\t<\/div>\n\t\t<div class=\"elementor-element elementor-element-a526a89 e-flex e-con-boxed e-con e-parent\" data-id=\"a526a89\" data-element_type=\"container\">\n\t\t\t\t\t<div class=\"e-con-inner\">\n\t\t\t\t<div class=\"elementor-element elementor-element-902c9d6 elementor-widget elementor-widget-text-editor\" data-id=\"902c9d6\" data-element_type=\"widget\" data-widget_type=\"text-editor.default\">\n\t\t\t\t<div class=\"elementor-widget-container\">\n\t\t\t\t\t\t\t\t\t<p>A v\u00f3s, que amades comprar, que vos parece poder facelo agora tam\u00e9n a trav\u00e9s de WhatsApp? S\u00f3 tes que contactar coa t\u00faa tenda favorita e preguntar por aquelas prendas ou complementos que che interesen: tallas, cores, novas colecci\u00f3ns,\u2026<\/p>\t\t\t\t\t\t\t\t<\/div>\n\t\t\t\t<\/div>\n\t\t\t\t\t<\/div>\n\t\t\t\t<\/div>\n\t\t<div class=\"elementor-element elementor-element-2cb1f0a e-flex e-con-boxed e-con e-parent\" data-id=\"2cb1f0a\" data-element_type=\"container\">\n\t\t\t\t\t<div class=\"e-con-inner\">\n\t\t<div class=\"elementor-element elementor-element-b4f202e e-con-full e-flex e-con e-child\" data-id=\"b4f202e\" data-element_type=\"container\">\n\t\t\t\t<div class=\"elementor-element elementor-element-c08aeeb elementor-widget__width-initial elementor-widget elementor-widget-heading\" data-id=\"c08aeeb\" data-element_type=\"widget\" data-widget_type=\"heading.default\">\n\t\t\t\t<div class=\"elementor-widget-container\">\n\t\t\t\t\t<h3 class=\"elementor-heading-title elementor-size-default\">TENDAS WHATSAPP SHOPPING<\/h3>\t\t\t\t<\/div>\n\t\t\t\t<\/div>\n\t\t\t\t<div class=\"elementor-element elementor-element-b00d678 elementor-widget elementor-widget-text-editor\" data-id=\"b00d678\" data-element_type=\"widget\" data-widget_type=\"text-editor.default\">\n\t\t\t\t<div class=\"elementor-widget-container\">\n\t\t\t\t\t\t\t\t\t<p>Descobre todas as tendas nas que podes facer compras por WhatsApp. \u00c9 doado e r\u00e1pido. Ponche en contacto con ela a trav\u00e9s do seu n\u00famero de WhatsApp, un vendedor atenderache exclusivamente a trav\u00e9s de audio, fotos e mesmo v\u00eddeo chamadas, realizar\u00e1 a compra seguindo as s\u00faas instruci\u00f3ns e escolle como queres recibilo.<\/p>\t\t\t\t\t\t\t\t<\/div>\n\t\t\t\t<\/div>\n\t\t\t\t<\/div>\n\t\t\t\t\t<\/div>\n\t\t\t\t<\/div>\n\t\t\t\t<\/div>\n\t\t","protected":false},"excerpt":{"rendered":"<p>TES WHATSAPP? AGORA PODES FACER WHATSAPP SHOPPING CONTACTE COA TENDA Goza dunha atenci\u00f3n exclusiva. Consulta a dispo\u00f1ibilidade do produto, recibe asesoramento personalizado e fai as t\u00faas compras comodamente a trav\u00e9s de WhatsApp. AQU\u00cd EST\u00c1N AS S\u00daAS COMPRAS Prefires recibir a compra na casa ou recollela en As Termas?\u00c9 cousa t\u00faa! A v\u00f3s, que amades comprar, [&hellip;]<\/p>\n","protected":false},"author":6,"featured_media":0,"parent":0,"menu_order":233,"comment_status":"closed","ping_status":"closed","template":"page-whatsapp.php","meta":{"footnotes":""},"class_list":["post-83836","page","type-page","status-publish","hentry"],"yoast_head":"<!-- This site is optimized with the Yoast SEO plugin v25.4 - https:\/\/yoast.com\/wordpress\/plugins\/seo\/ -->\n<title>Whatsapp Shopping | Centro Comercial As Termas | Lugo<\/title>\n<meta name=\"description\" content=\"Descobre unha nova forma de comprar a trav\u00e9s do WhatsApp! Con WhastApp Shopping, os teus produtos favoritos est\u00e1n m\u00e1is preto que nunca.\" \/>\n<meta name=\"robots\" content=\"index, follow, max-snippet:-1, max-image-preview:large, max-video-preview:-1\" \/>\n<link rel=\"canonical\" href=\"https:\/\/www.ccastermas.com\/gl\/whatsapp-shopping-centro-comercial\/\" \/>\n<meta property=\"og:locale\" content=\"gl_ES\" \/>\n<meta property=\"og:type\" content=\"article\" \/>\n<meta property=\"og:title\" content=\"Whatsapp Shopping | Centro Comercial As Termas | Lugo\" \/>\n<meta property=\"og:description\" content=\"Descobre unha nova forma de comprar a trav\u00e9s do WhatsApp! Con WhastApp Shopping, os teus produtos favoritos est\u00e1n m\u00e1is preto que nunca.\" \/>\n<meta property=\"og:url\" content=\"https:\/\/www.ccastermas.com\/gl\/whatsapp-shopping-centro-comercial\/\" \/>\n<meta property=\"og:site_name\" content=\"Centro Comercial As Termas\" \/>\n<meta property=\"article:modified_time\" content=\"2025-08-25T11:02:35+00:00\" \/>\n<meta property=\"og:image\" content=\"https:\/\/www.ccastermas.com\/wp-content\/uploads\/2025\/08\/AsTermas_WhatsappShopping_MovilIcono-1.png\" \/>\n\t<meta property=\"og:image:width\" content=\"250\" \/>\n\t<meta property=\"og:image:height\" content=\"346\" \/>\n\t<meta property=\"og:image:type\" content=\"image\/png\" \/>\n<meta name=\"twitter:card\" content=\"summary_large_image\" \/>\n<meta name=\"twitter:label1\" content=\"Tempo de lectura\" \/>\n\t<meta name=\"twitter:data1\" content=\"2 minutos\" \/>\n<!-- \/ Yoast SEO plugin. -->","yoast_head_json":{"title":"Whatsapp Shopping | Centro Comercial As Termas | Lugo","description":"Descobre unha nova forma de comprar a trav\u00e9s do WhatsApp! Con WhastApp Shopping, os teus produtos favoritos est\u00e1n m\u00e1is preto que nunca.","robots":{"index":"index","follow":"follow","max-snippet":"max-snippet:-1","max-image-preview":"max-image-preview:large","max-video-preview":"max-video-preview:-1"},"canonical":"https:\/\/www.ccastermas.com\/gl\/whatsapp-shopping-centro-comercial\/","og_locale":"gl_ES","og_type":"article","og_title":"Whatsapp Shopping | Centro Comercial As Termas | Lugo","og_description":"Descobre unha nova forma de comprar a trav\u00e9s do WhatsApp! Con WhastApp Shopping, os teus produtos favoritos est\u00e1n m\u00e1is preto que nunca.","og_url":"https:\/\/www.ccastermas.com\/gl\/whatsapp-shopping-centro-comercial\/","og_site_name":"Centro Comercial As Termas","article_modified_time":"2025-08-25T11:02:35+00:00","og_image":[{"width":250,"height":346,"url":"https:\/\/www.ccastermas.com\/wp-content\/uploads\/2025\/08\/AsTermas_WhatsappShopping_MovilIcono-1.png","type":"image\/png"}],"twitter_card":"summary_large_image","twitter_misc":{"Tempo de lectura":"2 minutos"},"schema":{"@context":"https:\/\/schema.org","@graph":[{"@type":"WebPage","@id":"https:\/\/www.ccastermas.com\/gl\/whatsapp-shopping-centro-comercial\/","url":"https:\/\/www.ccastermas.com\/gl\/whatsapp-shopping-centro-comercial\/","name":"Whatsapp Shopping | Centro Comercial As Termas | Lugo","isPartOf":{"@id":"https:\/\/www.ccastermas.com\/gl\/#website"},"primaryImageOfPage":{"@id":"https:\/\/www.ccastermas.com\/gl\/whatsapp-shopping-centro-comercial\/#primaryimage"},"image":{"@id":"https:\/\/www.ccastermas.com\/gl\/whatsapp-shopping-centro-comercial\/#primaryimage"},"thumbnailUrl":"https:\/\/www.ccastermas.com\/wp-content\/uploads\/2025\/08\/AsTermas_WhatsappShopping_MovilIcono-1.png","datePublished":"2025-08-20T11:45:09+00:00","dateModified":"2025-08-25T11:02:35+00:00","description":"Descobre unha nova forma de comprar a trav\u00e9s do WhatsApp! Con WhastApp Shopping, os teus produtos favoritos est\u00e1n m\u00e1is preto que nunca.","breadcrumb":{"@id":"https:\/\/www.ccastermas.com\/gl\/whatsapp-shopping-centro-comercial\/#breadcrumb"},"inLanguage":"gl-ES","potentialAction":[{"@type":"ReadAction","target":["https:\/\/www.ccastermas.com\/gl\/whatsapp-shopping-centro-comercial\/"]}]},{"@type":"ImageObject","inLanguage":"gl-ES","@id":"https:\/\/www.ccastermas.com\/gl\/whatsapp-shopping-centro-comercial\/#primaryimage","url":"https:\/\/www.ccastermas.com\/wp-content\/uploads\/2025\/08\/AsTermas_WhatsappShopping_MovilIcono-1.png","contentUrl":"https:\/\/www.ccastermas.com\/wp-content\/uploads\/2025\/08\/AsTermas_WhatsappShopping_MovilIcono-1.png"},{"@type":"BreadcrumbList","@id":"https:\/\/www.ccastermas.com\/gl\/whatsapp-shopping-centro-comercial\/#breadcrumb","itemListElement":[{"@type":"ListItem","position":1,"name":"Portada","item":"https:\/\/www.ccastermas.com\/gl\/"},{"@type":"ListItem","position":2,"name":"WhatsApp Shopping"}]},{"@type":"WebSite","@id":"https:\/\/www.ccastermas.com\/gl\/#website","url":"https:\/\/www.ccastermas.com\/gl\/","name":"Centro Comercial As Termas","description":"Centro Comercial As Termas: Tu Centro Comercial en Lugo","publisher":{"@id":"https:\/\/www.ccastermas.com\/gl\/#organization"},"potentialAction":[{"@type":"SearchAction","target":{"@type":"EntryPoint","urlTemplate":"https:\/\/www.ccastermas.com\/gl\/?s={search_term_string}"},"query-input":{"@type":"PropertyValueSpecification","valueRequired":true,"valueName":"search_term_string"}}],"inLanguage":"gl-ES"},{"@type":"Organization","@id":"https:\/\/www.ccastermas.com\/gl\/#organization","name":"As Termas","alternateName":"Centro Comercial As Termas","url":"https:\/\/www.ccastermas.com\/gl\/","logo":{"@type":"ImageObject","inLanguage":"gl-ES","@id":"https:\/\/www.ccastermas.com\/gl\/#\/schema\/logo\/image\/","url":"https:\/\/www.ccastermas.com\/wp-content\/uploads\/2026\/01\/astermas-logo.jpg","contentUrl":"https:\/\/www.ccastermas.com\/wp-content\/uploads\/2026\/01\/astermas-logo.jpg","width":200,"height":140,"caption":"As Termas"},"image":{"@id":"https:\/\/www.ccastermas.com\/gl\/#\/schema\/logo\/image\/"}}]}},"publishpress_future_action":{"enabled":false,"date":"2026-04-19 12:46:59","action":"change-status","newStatus":"draft","terms":[],"taxonomy":"translation_priority"},"publishpress_future_workflow_manual_trigger":{"enabledWorkflows":[]},"_links":{"self":[{"href":"https:\/\/www.ccastermas.com\/gl\/wp-json\/wp\/v2\/pages\/83836","targetHints":{"allow":["GET"]}}],"collection":[{"href":"https:\/\/www.ccastermas.com\/gl\/wp-json\/wp\/v2\/pages"}],"about":[{"href":"https:\/\/www.ccastermas.com\/gl\/wp-json\/wp\/v2\/types\/page"}],"author":[{"embeddable":true,"href":"https:\/\/www.ccastermas.com\/gl\/wp-json\/wp\/v2\/users\/6"}],"replies":[{"embeddable":true,"href":"https:\/\/www.ccastermas.com\/gl\/wp-json\/wp\/v2\/comments?post=83836"}],"version-history":[{"count":4,"href":"https:\/\/www.ccastermas.com\/gl\/wp-json\/wp\/v2\/pages\/83836\/revisions"}],"predecessor-version":[{"id":84826,"href":"https:\/\/www.ccastermas.com\/gl\/wp-json\/wp\/v2\/pages\/83836\/revisions\/84826"}],"wp:attachment":[{"href":"https:\/\/www.ccastermas.com\/gl\/wp-json\/wp\/v2\/media?parent=83836"}],"curies":[{"name":"wp","href":"https:\/\/api.w.org\/{rel}","templated":true}]}}