{"id":83829,"date":"2025-08-20T13:39:52","date_gmt":"2025-08-20T11:39:52","guid":{"rendered":"https:\/\/astermas.valordeley.es\/?page_id=83829"},"modified":"2025-11-28T17:15:49","modified_gmt":"2025-11-28T16:15:49","slug":"eventos","status":"publish","type":"page","link":"https:\/\/www.ccastermas.com\/gl\/eventos\/","title":{"rendered":"Axenda Lugo"},"content":{"rendered":"\t\t<div data-elementor-type=\"wp-page\" data-elementor-id=\"83829\" class=\"elementor elementor-83829 elementor-77001\">\n\t\t\t\t\t\t<section class=\"elementor-section elementor-top-section elementor-element elementor-element-2c23f78 elementor-section-height-min-height elementor-hidden-mobile elementor-hidden-tablet elementor-section-boxed elementor-section-height-default elementor-section-items-middle\" data-id=\"2c23f78\" data-element_type=\"section\" data-settings=\"{&quot;background_background&quot;:&quot;classic&quot;}\">\n\t\t\t\t\t\t<div class=\"elementor-container elementor-column-gap-default\">\n\t\t\t\t\t<div class=\" elementor-column elementor-col-100 elementor-top-column elementor-element elementor-element-17ad548\" data-fullscreen-column-settings=\"{&quot;fullscreen&quot;:&quot;&quot;}\" data-id=\"17ad548\" data-element_type=\"column\">\n\t\t\t<div class=\"elementor-widget-wrap\">\n\t\t\t\t\t\t\t<\/div>\n\t\t<\/div>\n\t\t\t\t\t<\/div>\n\t\t<\/section>\n\t\t<div class=\"elementor-element elementor-element-9a85b75 e-flex e-con-boxed e-con e-parent\" data-id=\"9a85b75\" data-element_type=\"container\" data-settings=\"{&quot;background_background&quot;:&quot;classic&quot;}\">\n\t\t\t\t\t<div class=\"e-con-inner\">\n\t\t<div class=\"elementor-element elementor-element-fdf80e4 e-con-full e-flex e-con e-child\" data-id=\"fdf80e4\" data-element_type=\"container\">\n\t\t\t\t<div class=\"elementor-element elementor-element-fb2feb3 elementor-widget elementor-widget-heading\" data-id=\"fb2feb3\" data-element_type=\"widget\" data-widget_type=\"heading.default\">\n\t\t\t\t<div class=\"elementor-widget-container\">\n\t\t\t\t\t<h1 class=\"elementor-heading-title elementor-size-default\">Axenda<\/h1>\t\t\t\t<\/div>\n\t\t\t\t<\/div>\n\t\t\t\t<\/div>\n\t\t\t\t\t<\/div>\n\t\t\t\t<\/div>\n\t\t\t\t<section class=\"elementor-section elementor-top-section elementor-element elementor-element-fb39c9b elementor-section-content-middle elementor-section-boxed elementor-section-height-default elementor-section-height-default\" data-id=\"fb39c9b\" data-element_type=\"section\" data-settings=\"{&quot;background_background&quot;:&quot;classic&quot;}\">\n\t\t\t\t\t\t<div class=\"elementor-container elementor-column-gap-default\">\n\t\t\t\t\t<div class=\" elementor-column elementor-col-50 elementor-top-column elementor-element elementor-element-8c5abb3\" data-fullscreen-column-settings=\"{&quot;fullscreen&quot;:&quot;&quot;}\" data-id=\"8c5abb3\" data-element_type=\"column\">\n\t\t\t<div class=\"elementor-widget-wrap elementor-element-populated\">\n\t\t\t\t\t\t<div class=\"elementor-element elementor-element-4c35829 elementor-widget elementor-widget-text-editor\" data-id=\"4c35829\" data-element_type=\"widget\" data-widget_type=\"text-editor.default\">\n\t\t\t\t<div class=\"elementor-widget-container\">\n\t\t\t\t\t\t\t\t\t<p>\u00a1<strong>Vive momentos inesquecibles<\/strong> cos nosos eventos e actividades especiais!<\/p><p><strong>No noso centro comercial, sempre hai algo emocionante para ti.<\/strong> Participa en sorteos exclusivos, goza das nosas celebraci\u00f3ns tem\u00e1ticas ou merg\u00fallate na diversi\u00f3n dos eventos familiares. Garant\u00edmosche entretemento para todas as idades.<br \/>\u00a1Atento \u00e1 nosa axenda para que non perdas as nosas pr\u00f3ximas actividades!<\/p>\t\t\t\t\t\t\t\t<\/div>\n\t\t\t\t<\/div>\n\t\t\t\t\t<\/div>\n\t\t<\/div>\n\t\t\t\t<div class=\" elementor-column elementor-col-50 elementor-top-column elementor-element elementor-element-b66d176 elementor-invisible\" data-fullscreen-column-settings=\"{&quot;fullscreen&quot;:&quot;&quot;}\" data-id=\"b66d176\" data-element_type=\"column\" data-settings=\"{&quot;animation&quot;:&quot;fadeIn&quot;,&quot;animation_delay&quot;:200}\">\n\t\t\t<div class=\"elementor-widget-wrap elementor-element-populated\">\n\t\t\t\t\t\t<div class=\"elementor-element elementor-element-0ab9d37 elementor-widget elementor-widget-image\" data-id=\"0ab9d37\" data-element_type=\"widget\" data-widget_type=\"image.default\">\n\t\t\t\t<div class=\"elementor-widget-container\">\n\t\t\t\t\t\t\t\t\t\t\t\t\t\t\t<img fetchpriority=\"high\" decoding=\"async\" width=\"683\" height=\"273\" src=\"https:\/\/www.ccastermas.com\/wp-content\/uploads\/2024\/10\/agenda.png\" class=\"attachment-full size-full wp-image-85107\" alt=\"\" srcset=\"https:\/\/www.ccastermas.com\/wp-content\/uploads\/2024\/10\/agenda.png 683w, https:\/\/www.ccastermas.com\/wp-content\/uploads\/2024\/10\/agenda-200x80.png 200w\" sizes=\"(max-width: 683px) 100vw, 683px\" \/>\t\t\t\t\t\t\t\t\t\t\t\t\t\t\t<\/div>\n\t\t\t\t<\/div>\n\t\t\t\t\t<\/div>\n\t\t<\/div>\n\t\t\t\t\t<\/div>\n\t\t<\/section>\n\t\t\t\t<section class=\"elementor-section elementor-top-section elementor-element elementor-element-ebc91fd elementor-section-boxed elementor-section-height-default elementor-section-height-default\" data-id=\"ebc91fd\" data-element_type=\"section\">\n\t\t\t\t\t\t<div class=\"elementor-container elementor-column-gap-default\">\n\t\t\t\t\t<div class=\" elementor-column elementor-col-100 elementor-top-column elementor-element elementor-element-712fa57\" data-fullscreen-column-settings=\"{&quot;fullscreen&quot;:&quot;&quot;}\" data-id=\"712fa57\" data-element_type=\"column\">\n\t\t\t<div class=\"elementor-widget-wrap elementor-element-populated\">\n\t\t\t\t\t\t<div class=\"elementor-element elementor-element-3a7b758 elementor-widget elementor-widget-shortcode\" data-id=\"3a7b758\" data-element_type=\"widget\" data-widget_type=\"shortcode.default\">\n\t\t\t\t<div class=\"elementor-widget-container\">\n\t\t\t\t\t\t\t<div class=\"elementor-shortcode\"><div class=\"agenda-imagenes\"><div class=\"swiper-container\" style=\"overflow: hidden;\">\n    <div class=\"swiper-wrapper\">\n                    <div class=\"swiper-slide\" style=\"background: url('https:\/\/www.ccastermas.com\/wp-content\/uploads\/2026\/03\/3.3.CCAsTermas_SorteoDiaMadre_EventoWebGAL_800x800.jpg') no-repeat center center; background-size: cover;\">\n                <div class=\"front\">\n                    <h3 class=\"title\">Sorteo D\u00eda da Nai<\/h3>\n                <\/div>\n                <div class=\"back\">\n                    <p class=\"content\">Ola Disfrutones! Non sabedes que regalarlle a mam\u00e1?&#8230;e se probades sorte co noso sorteo de 3 tarxetas de 100\u20ac? Se che toca, seguro que lle dar\u00e1s unha alegr\u00eda a mami ;)Sorteamos 3 cart\u00f3ns de 100! Entra na App O Club dos Disfrutones, d\u00e1lle a\u00a0Participar\u00a0e deixa que a sorte se po\u00f1a do voso lado. A que [&hellip;]<\/p>\n                    <a href=\"https:\/\/www.ccastermas.com\/gl\/evento\/sorteo-dia-da-nai\/\" class=\"btn\" style=\"color:#202020!important\">Ver m\u00e1is<\/a>\n                <\/div>\n            <\/div>\n                    <div class=\"swiper-slide\" style=\"background: url('https:\/\/www.ccastermas.com\/wp-content\/uploads\/2025\/08\/3.3.CCAsTermas_Ludoteca_Abril26_ExploradoresCotidiano_EventoWebGAL_800x800.jpg') no-repeat center center; background-size: cover;\">\n                <div class=\"front\">\n                    <h3 class=\"title\">Ludoteca As Termas en Lugo<\/h3>\n                <\/div>\n                <div class=\"back\">\n                    <p class=\"content\">Ola Familia! Gustar\u00edache facer as t\u00faas compras tranquilamente mentres as t\u00faas peques div\u00edrtense e aprenden? Claro que si.<\/p>\n                    <a href=\"https:\/\/www.ccastermas.com\/gl\/evento\/ludoteca-as-termas\/\" class=\"btn\" style=\"color:#202020!important\">Ver m\u00e1is<\/a>\n                <\/div>\n            <\/div>\n                    <div class=\"swiper-slide\" style=\"background: url('https:\/\/www.ccastermas.com\/wp-content\/uploads\/2026\/03\/3.3.CCAsTermas_CenaCine_EventoWebGAL_800x800.jpg') no-repeat center center; background-size: cover;\">\n                <div class=\"front\">\n                    <h3 class=\"title\">Cea + Cine<\/h3>\n                <\/div>\n                <div class=\"back\">\n                    <p class=\"content\">Ola, amantes do cine! Se che gusta cear en As Termas&#8230; est\u00e1s de sorte!<\/p>\n                    <a href=\"https:\/\/www.ccastermas.com\/gl\/evento\/cea-cine\/\" class=\"btn\" style=\"color:#202020!important\">Ver m\u00e1is<\/a>\n                <\/div>\n            <\/div>\n                    <div class=\"swiper-slide\" style=\"background: url('https:\/\/www.ccastermas.com\/wp-content\/uploads\/2025\/10\/2.5.CCAsTermas_NuevosBeneficios_Disfrutones_EventoWeb_800x800.jpg') no-repeat center center; background-size: cover;\">\n                <div class=\"front\">\n                    <h3 class=\"title\">Beneficios agradables<\/h3>\n                <\/div>\n                <div class=\"back\">\n                    <p class=\"content\">Ser un Disfruton \u00e9 ter unha chea de descontos nas nosas tendas de As Termas, pero ademais, tam\u00e9n poder\u00e1s desfrutar de mais beneficios e descontos en Hoteis, Compa\u00f1\u00edas a\u00e9reas etc.<\/p>\n                    <a href=\"https:\/\/www.ccastermas.com\/gl\/evento\/beneficios-agradables\/\" class=\"btn\" style=\"color:#202020!important\">Ver m\u00e1is<\/a>\n                <\/div>\n            <\/div>\n                    <div class=\"swiper-slide\" style=\"background: url('https:\/\/www.ccastermas.com\/wp-content\/uploads\/2025\/10\/cineyelmoastermas.jpg') no-repeat center center; background-size: cover;\">\n                <div class=\"front\">\n                    <h3 class=\"title\">Festa do Cine de Outono<\/h3>\n                <\/div>\n                <div class=\"back\">\n                    <p class=\"content\">Xa volve a Festa do Cine! Dende o m\u00e9rcores 29 de outubro poder\u00e1s acceder \u00e1 venda anticipada e conseguir entradas a\u00a03,50\u20ac\u00a0para vir ao cine o\u00a03, 4, 5 e 6 de novembro. Non te despistes! INFO<\/p>\n                    <a href=\"https:\/\/www.ccastermas.com\/gl\/evento\/festa-do-cine-de-outono\/\" class=\"btn\" style=\"color:#202020!important\">Ver m\u00e1is<\/a>\n                <\/div>\n            <\/div>\n                    <div class=\"swiper-slide\" style=\"background: url('https:\/\/www.ccastermas.com\/wp-content\/uploads\/2025\/11\/AsTermas_Creatividad_TarjetaRegalo_1.3-Evento-web-800x800_gal.jpg') no-repeat center center; background-size: cover;\">\n                <div class=\"front\">\n                    <h3 class=\"title\">Buscas o agasallo perfecto?<\/h3>\n                <\/div>\n                <div class=\"back\">\n                    <p class=\"content\">Queres facer un agasallo, pero non te decides que comprar?<\/p>\n                    <a href=\"https:\/\/www.ccastermas.com\/gl\/evento\/buscas-o-agasallo-perfecto\/\" class=\"btn\" style=\"color:#202020!important\">Ver m\u00e1is<\/a>\n                <\/div>\n            <\/div>\n                    <div class=\"swiper-slide\" style=\"background: url('https:\/\/www.ccastermas.com\/wp-content\/uploads\/2025\/08\/CCAstermas_DescargalaAPP_Digitales_800x800-1.jpg') no-repeat center center; background-size: cover;\">\n                <div class=\"front\">\n                    <h3 class=\"title\">DESCARGA A APLICACI\u00d3N<\/h3>\n                <\/div>\n                <div class=\"back\">\n                    <p class=\"content\">Disfr\u00fatao, queremos facelo todo un pouco mellor. Co cambio de ano cambiamos a APP para que ser Enjoyable sexa a\u00ednda m\u00e1is c\u00f3modo e sinxelo.<\/p>\n                    <a href=\"https:\/\/www.ccastermas.com\/gl\/evento\/descarga-a-aplicacion\/\" class=\"btn\" style=\"color:#202020!important\">Ver m\u00e1is<\/a>\n                <\/div>\n            <\/div>\n                    <div class=\"swiper-slide\" style=\"background: url('https:\/\/www.ccastermas.com\/wp-content\/uploads\/2025\/08\/AsTermas_AdaptacionesGallego_Club_800x800.jpg') no-repeat center center; background-size: cover;\">\n                <div class=\"front\">\n                    <h3 class=\"title\">Club dos Disfrutones<\/h3>\n                <\/div>\n                <div class=\"back\">\n                    <p class=\"content\">Porque ti e soamente ti es o que nos move a po\u00f1er en marcha O Club dos Disfrutones de\u00a0 As Termas. Un club onde temos unha norma inquebrantable: aqu\u00ed vi\u00f1emos a gozar. Ou mellor devandito, a GOZAR, con mai\u00fasculas.<\/p>\n                    <a href=\"https:\/\/www.ccastermas.com\/gl\/evento\/club-dos-disfrutones\/\" class=\"btn\" style=\"color:#202020!important\">Ver m\u00e1is<\/a>\n                <\/div>\n            <\/div>\n            <\/div>\n\t<div class=\"swiper-button-next\"> > <\/div>\n    <div class=\"swiper-button-prev\"> < <\/div>\n    <div class=\"swiper-pagination\"><\/div>\n<\/div>\n\n  <script>\n    document.addEventListener('DOMContentLoaded', function () {\n      var swiper = new Swiper('.swiper-container', {\n        slidesPerView: 1,\n        spaceBetween: 20,\n        loop: false,\n        centerInsufficientSlides: true,\n        autoplay: {\n          delay: 3000,\n          disableOnInteraction: false, \/\/ Permite al usuario interactuar y que el autoplay no se detenga\n        },\n        pagination: {\n          el: '.swiper-pagination',\n          type: 'bullets',\n\n        },\n        navigation: {\n          nextEl: \".swiper-button-next\",\n          prevEl: \".swiper-button-prev\",\n        },\n        breakpoints: {\n          1200: {\n            slidesPerView: 3,\n            spaceBetween: 40,\n          },\n        }\n      });\n    });\n  <\/script>\n<\/div><\/div>\n\t\t\t\t\t\t<\/div>\n\t\t\t\t<\/div>\n\t\t\t\t\t<\/div>\n\t\t<\/div>\n\t\t\t\t\t<\/div>\n\t\t<\/section>\n\t\t\t\t<\/div>\n\t\t","protected":false},"excerpt":{"rendered":"<p>Axenda \u00a1Vive momentos inesquecibles cos nosos eventos e actividades especiais! No noso centro comercial, sempre hai algo emocionante para ti. Participa en sorteos exclusivos, goza das nosas celebraci\u00f3ns tem\u00e1ticas ou merg\u00fallate na diversi\u00f3n dos eventos familiares. Garant\u00edmosche entretemento para todas as idades. \u00a1Atento \u00e1 nosa axenda para que non perdas as nosas pr\u00f3ximas actividades!<\/p>\n","protected":false},"author":6,"featured_media":0,"parent":0,"menu_order":233,"comment_status":"closed","ping_status":"closed","template":"","meta":{"footnotes":""},"class_list":["post-83829","page","type-page","status-publish","hentry"],"yoast_head":"<!-- This site is optimized with the Yoast SEO plugin v25.4 - https:\/\/yoast.com\/wordpress\/plugins\/seo\/ -->\n<title>Eventos Lugo | Centro Comercial As Termas<\/title>\n<meta name=\"description\" content=\"Sabes que As Termas \u00e9 moito m\u00e1is que un centro comercial? B\u00f3talle un ollo aos nosos eventos e prep\u00e1rate para un gran d\u00eda. Agardaremos por ti!\" \/>\n<meta name=\"robots\" content=\"index, follow, max-snippet:-1, max-image-preview:large, max-video-preview:-1\" \/>\n<link rel=\"canonical\" href=\"https:\/\/www.ccastermas.com\/gl\/eventos\/\" \/>\n<meta property=\"og:locale\" content=\"gl_ES\" \/>\n<meta property=\"og:type\" content=\"article\" \/>\n<meta property=\"og:title\" content=\"Eventos Lugo | Centro Comercial As Termas\" \/>\n<meta property=\"og:description\" content=\"Sabes que As Termas \u00e9 moito m\u00e1is que un centro comercial? B\u00f3talle un ollo aos nosos eventos e prep\u00e1rate para un gran d\u00eda. Agardaremos por ti!\" \/>\n<meta property=\"og:url\" content=\"https:\/\/www.ccastermas.com\/gl\/eventos\/\" \/>\n<meta property=\"og:site_name\" content=\"Centro Comercial As Termas\" \/>\n<meta property=\"article:modified_time\" content=\"2025-11-28T16:15:49+00:00\" \/>\n<meta property=\"og:image\" content=\"https:\/\/www.ccastermas.com\/wp-content\/uploads\/2024\/10\/agenda.png\" \/>\n<meta name=\"twitter:card\" content=\"summary_large_image\" \/>\n<meta name=\"twitter:label1\" content=\"Tempo de lectura\" \/>\n\t<meta name=\"twitter:data1\" content=\"1 minuto\" \/>\n<!-- \/ Yoast SEO plugin. -->","yoast_head_json":{"title":"Eventos Lugo | Centro Comercial As Termas","description":"Sabes que As Termas \u00e9 moito m\u00e1is que un centro comercial? B\u00f3talle un ollo aos nosos eventos e prep\u00e1rate para un gran d\u00eda. Agardaremos por ti!","robots":{"index":"index","follow":"follow","max-snippet":"max-snippet:-1","max-image-preview":"max-image-preview:large","max-video-preview":"max-video-preview:-1"},"canonical":"https:\/\/www.ccastermas.com\/gl\/eventos\/","og_locale":"gl_ES","og_type":"article","og_title":"Eventos Lugo | Centro Comercial As Termas","og_description":"Sabes que As Termas \u00e9 moito m\u00e1is que un centro comercial? B\u00f3talle un ollo aos nosos eventos e prep\u00e1rate para un gran d\u00eda. Agardaremos por ti!","og_url":"https:\/\/www.ccastermas.com\/gl\/eventos\/","og_site_name":"Centro Comercial As Termas","article_modified_time":"2025-11-28T16:15:49+00:00","og_image":[{"url":"https:\/\/www.ccastermas.com\/wp-content\/uploads\/2024\/10\/agenda.png","type":"","width":"","height":""}],"twitter_card":"summary_large_image","twitter_misc":{"Tempo de lectura":"1 minuto"},"schema":{"@context":"https:\/\/schema.org","@graph":[{"@type":"WebPage","@id":"https:\/\/www.ccastermas.com\/gl\/eventos\/","url":"https:\/\/www.ccastermas.com\/gl\/eventos\/","name":"Eventos Lugo | Centro Comercial As Termas","isPartOf":{"@id":"https:\/\/www.ccastermas.com\/gl\/#website"},"primaryImageOfPage":{"@id":"https:\/\/www.ccastermas.com\/gl\/eventos\/#primaryimage"},"image":{"@id":"https:\/\/www.ccastermas.com\/gl\/eventos\/#primaryimage"},"thumbnailUrl":"https:\/\/www.ccastermas.com\/wp-content\/uploads\/2024\/10\/agenda.png","datePublished":"2025-08-20T11:39:52+00:00","dateModified":"2025-11-28T16:15:49+00:00","description":"Sabes que As Termas \u00e9 moito m\u00e1is que un centro comercial? B\u00f3talle un ollo aos nosos eventos e prep\u00e1rate para un gran d\u00eda. Agardaremos por ti!","breadcrumb":{"@id":"https:\/\/www.ccastermas.com\/gl\/eventos\/#breadcrumb"},"inLanguage":"gl-ES","potentialAction":[{"@type":"ReadAction","target":["https:\/\/www.ccastermas.com\/gl\/eventos\/"]}]},{"@type":"ImageObject","inLanguage":"gl-ES","@id":"https:\/\/www.ccastermas.com\/gl\/eventos\/#primaryimage","url":"https:\/\/www.ccastermas.com\/wp-content\/uploads\/2024\/10\/agenda.png","contentUrl":"https:\/\/www.ccastermas.com\/wp-content\/uploads\/2024\/10\/agenda.png"},{"@type":"BreadcrumbList","@id":"https:\/\/www.ccastermas.com\/gl\/eventos\/#breadcrumb","itemListElement":[{"@type":"ListItem","position":1,"name":"Portada","item":"https:\/\/www.ccastermas.com\/gl\/"},{"@type":"ListItem","position":2,"name":"Axenda Lugo"}]},{"@type":"WebSite","@id":"https:\/\/www.ccastermas.com\/gl\/#website","url":"https:\/\/www.ccastermas.com\/gl\/","name":"Centro Comercial As Termas","description":"Centro Comercial As Termas: Tu Centro Comercial en Lugo","publisher":{"@id":"https:\/\/www.ccastermas.com\/gl\/#organization"},"potentialAction":[{"@type":"SearchAction","target":{"@type":"EntryPoint","urlTemplate":"https:\/\/www.ccastermas.com\/gl\/?s={search_term_string}"},"query-input":{"@type":"PropertyValueSpecification","valueRequired":true,"valueName":"search_term_string"}}],"inLanguage":"gl-ES"},{"@type":"Organization","@id":"https:\/\/www.ccastermas.com\/gl\/#organization","name":"As Termas","alternateName":"Centro Comercial As Termas","url":"https:\/\/www.ccastermas.com\/gl\/","logo":{"@type":"ImageObject","inLanguage":"gl-ES","@id":"https:\/\/www.ccastermas.com\/gl\/#\/schema\/logo\/image\/","url":"https:\/\/www.ccastermas.com\/wp-content\/uploads\/2026\/01\/astermas-logo.jpg","contentUrl":"https:\/\/www.ccastermas.com\/wp-content\/uploads\/2026\/01\/astermas-logo.jpg","width":200,"height":140,"caption":"As Termas"},"image":{"@id":"https:\/\/www.ccastermas.com\/gl\/#\/schema\/logo\/image\/"}}]}},"publishpress_future_action":{"enabled":false,"date":"2026-04-19 14:38:17","action":"change-status","newStatus":"draft","terms":[],"taxonomy":"translation_priority"},"publishpress_future_workflow_manual_trigger":{"enabledWorkflows":[]},"_links":{"self":[{"href":"https:\/\/www.ccastermas.com\/gl\/wp-json\/wp\/v2\/pages\/83829","targetHints":{"allow":["GET"]}}],"collection":[{"href":"https:\/\/www.ccastermas.com\/gl\/wp-json\/wp\/v2\/pages"}],"about":[{"href":"https:\/\/www.ccastermas.com\/gl\/wp-json\/wp\/v2\/types\/page"}],"author":[{"embeddable":true,"href":"https:\/\/www.ccastermas.com\/gl\/wp-json\/wp\/v2\/users\/6"}],"replies":[{"embeddable":true,"href":"https:\/\/www.ccastermas.com\/gl\/wp-json\/wp\/v2\/comments?post=83829"}],"version-history":[{"count":7,"href":"https:\/\/www.ccastermas.com\/gl\/wp-json\/wp\/v2\/pages\/83829\/revisions"}],"predecessor-version":[{"id":85879,"href":"https:\/\/www.ccastermas.com\/gl\/wp-json\/wp\/v2\/pages\/83829\/revisions\/85879"}],"wp:attachment":[{"href":"https:\/\/www.ccastermas.com\/gl\/wp-json\/wp\/v2\/media?parent=83829"}],"curies":[{"name":"wp","href":"https:\/\/api.w.org\/{rel}","templated":true}]}}