{"id":83818,"date":"2025-08-20T13:28:03","date_gmt":"2025-08-20T11:28:03","guid":{"rendered":"https:\/\/astermas.valordeley.es\/?page_id=83818"},"modified":"2025-11-28T17:15:30","modified_gmt":"2025-11-28T16:15:30","slug":"tiendas","status":"publish","type":"page","link":"https:\/\/www.ccastermas.com\/gl\/tiendas\/","title":{"rendered":"Tendas Lugo"},"content":{"rendered":"","protected":false},"excerpt":{"rendered":"","protected":false},"author":6,"featured_media":1921,"parent":0,"menu_order":0,"comment_status":"closed","ping_status":"closed","template":"page-tiendas.php","meta":{"footnotes":""},"class_list":["post-83818","page","type-page","status-publish","has-post-thumbnail","hentry"],"yoast_head":"<!-- This site is optimized with the Yoast SEO plugin v25.4 - https:\/\/yoast.com\/wordpress\/plugins\/seo\/ -->\n<title>Tendas en Lugo | Centro Comercial As Termas<\/title>\n<meta name=\"description\" content=\"Buscas onde mercar en Lugo? O Centro Comercial As Termas ofr\u00e9ceche as mellores tendas de Lugo. A \u00faltima moda e as mellores marcas. Agard\u00e1moste!\" \/>\n<meta name=\"robots\" content=\"index, follow, max-snippet:-1, max-image-preview:large, max-video-preview:-1\" \/>\n<link rel=\"canonical\" href=\"https:\/\/www.ccastermas.com\/gl\/tiendas\/\" \/>\n<meta property=\"og:locale\" content=\"gl_ES\" \/>\n<meta property=\"og:type\" content=\"article\" \/>\n<meta property=\"og:title\" content=\"Tendas en Lugo | Centro Comercial As Termas\" \/>\n<meta property=\"og:description\" content=\"Buscas onde mercar en Lugo? O Centro Comercial As Termas ofr\u00e9ceche as mellores tendas de Lugo. A \u00faltima moda e as mellores marcas. Agard\u00e1moste!\" \/>\n<meta property=\"og:url\" content=\"https:\/\/www.ccastermas.com\/gl\/tiendas\/\" \/>\n<meta property=\"og:site_name\" content=\"Centro Comercial As Termas\" \/>\n<meta property=\"article:modified_time\" content=\"2025-11-28T16:15:30+00:00\" \/>\n<meta name=\"twitter:card\" content=\"summary_large_image\" \/>\n<!-- \/ Yoast SEO plugin. -->","yoast_head_json":{"title":"Tendas en Lugo | Centro Comercial As Termas","description":"Buscas onde mercar en Lugo? O Centro Comercial As Termas ofr\u00e9ceche as mellores tendas de Lugo. A \u00faltima moda e as mellores marcas. Agard\u00e1moste!","robots":{"index":"index","follow":"follow","max-snippet":"max-snippet:-1","max-image-preview":"max-image-preview:large","max-video-preview":"max-video-preview:-1"},"canonical":"https:\/\/www.ccastermas.com\/gl\/tiendas\/","og_locale":"gl_ES","og_type":"article","og_title":"Tendas en Lugo | Centro Comercial As Termas","og_description":"Buscas onde mercar en Lugo? O Centro Comercial As Termas ofr\u00e9ceche as mellores tendas de Lugo. A \u00faltima moda e as mellores marcas. Agard\u00e1moste!","og_url":"https:\/\/www.ccastermas.com\/gl\/tiendas\/","og_site_name":"Centro Comercial As Termas","article_modified_time":"2025-11-28T16:15:30+00:00","twitter_card":"summary_large_image","schema":{"@context":"https:\/\/schema.org","@graph":[{"@type":"WebPage","@id":"https:\/\/www.ccastermas.com\/gl\/tiendas\/","url":"https:\/\/www.ccastermas.com\/gl\/tiendas\/","name":"Tendas en Lugo | Centro Comercial As Termas","isPartOf":{"@id":"https:\/\/www.ccastermas.com\/gl\/#website"},"primaryImageOfPage":{"@id":"https:\/\/www.ccastermas.com\/gl\/tiendas\/#primaryimage"},"image":{"@id":"https:\/\/www.ccastermas.com\/gl\/tiendas\/#primaryimage"},"thumbnailUrl":"","datePublished":"2025-08-20T11:28:03+00:00","dateModified":"2025-11-28T16:15:30+00:00","description":"Buscas onde mercar en Lugo? O Centro Comercial As Termas ofr\u00e9ceche as mellores tendas de Lugo. A \u00faltima moda e as mellores marcas. Agard\u00e1moste!","breadcrumb":{"@id":"https:\/\/www.ccastermas.com\/gl\/tiendas\/#breadcrumb"},"inLanguage":"gl-ES","potentialAction":[{"@type":"ReadAction","target":["https:\/\/www.ccastermas.com\/gl\/tiendas\/"]}]},{"@type":"ImageObject","inLanguage":"gl-ES","@id":"https:\/\/www.ccastermas.com\/gl\/tiendas\/#primaryimage","url":"","contentUrl":""},{"@type":"BreadcrumbList","@id":"https:\/\/www.ccastermas.com\/gl\/tiendas\/#breadcrumb","itemListElement":[{"@type":"ListItem","position":1,"name":"Portada","item":"https:\/\/www.ccastermas.com\/gl\/"},{"@type":"ListItem","position":2,"name":"Tendas Lugo"}]},{"@type":"WebSite","@id":"https:\/\/www.ccastermas.com\/gl\/#website","url":"https:\/\/www.ccastermas.com\/gl\/","name":"Centro Comercial As Termas","description":"Centro Comercial As Termas: Tu Centro Comercial en Lugo","publisher":{"@id":"https:\/\/www.ccastermas.com\/gl\/#organization"},"potentialAction":[{"@type":"SearchAction","target":{"@type":"EntryPoint","urlTemplate":"https:\/\/www.ccastermas.com\/gl\/?s={search_term_string}"},"query-input":{"@type":"PropertyValueSpecification","valueRequired":true,"valueName":"search_term_string"}}],"inLanguage":"gl-ES"},{"@type":"Organization","@id":"https:\/\/www.ccastermas.com\/gl\/#organization","name":"As Termas","alternateName":"Centro Comercial As Termas","url":"https:\/\/www.ccastermas.com\/gl\/","logo":{"@type":"ImageObject","inLanguage":"gl-ES","@id":"https:\/\/www.ccastermas.com\/gl\/#\/schema\/logo\/image\/","url":"https:\/\/www.ccastermas.com\/wp-content\/uploads\/2026\/01\/astermas-logo.jpg","contentUrl":"https:\/\/www.ccastermas.com\/wp-content\/uploads\/2026\/01\/astermas-logo.jpg","width":200,"height":140,"caption":"As Termas"},"image":{"@id":"https:\/\/www.ccastermas.com\/gl\/#\/schema\/logo\/image\/"}}]}},"publishpress_future_action":{"enabled":false,"date":"2026-04-19 14:30:30","action":"change-status","newStatus":"draft","terms":[],"taxonomy":"translation_priority"},"publishpress_future_workflow_manual_trigger":{"enabledWorkflows":[]},"_links":{"self":[{"href":"https:\/\/www.ccastermas.com\/gl\/wp-json\/wp\/v2\/pages\/83818","targetHints":{"allow":["GET"]}}],"collection":[{"href":"https:\/\/www.ccastermas.com\/gl\/wp-json\/wp\/v2\/pages"}],"about":[{"href":"https:\/\/www.ccastermas.com\/gl\/wp-json\/wp\/v2\/types\/page"}],"author":[{"embeddable":true,"href":"https:\/\/www.ccastermas.com\/gl\/wp-json\/wp\/v2\/users\/6"}],"replies":[{"embeddable":true,"href":"https:\/\/www.ccastermas.com\/gl\/wp-json\/wp\/v2\/comments?post=83818"}],"version-history":[{"count":3,"href":"https:\/\/www.ccastermas.com\/gl\/wp-json\/wp\/v2\/pages\/83818\/revisions"}],"predecessor-version":[{"id":85877,"href":"https:\/\/www.ccastermas.com\/gl\/wp-json\/wp\/v2\/pages\/83818\/revisions\/85877"}],"wp:featuredmedia":[{"embeddable":true,"href":"https:\/\/www.ccastermas.com\/gl\/wp-json\/"}],"wp:attachment":[{"href":"https:\/\/www.ccastermas.com\/gl\/wp-json\/wp\/v2\/media?parent=83818"}],"curies":[{"name":"wp","href":"https:\/\/api.w.org\/{rel}","templated":true}]}}